{"id":13705,"date":"2018-05-03T10:28:24","date_gmt":"2018-05-03T08:28:24","guid":{"rendered":"http:\/\/mpu.rs\/contemporary-applied-art-and-design\/"},"modified":"2018-09-27T11:07:35","modified_gmt":"2018-09-27T09:07:35","slug":"contemporary-applied-art-and-design","status":"publish","type":"page","link":"https:\/\/mpu.rs\/en\/contemporary-applied-art-and-design\/","title":{"rendered":"CONTEMPORARY APPLIED ART AND DESIGN"},"content":{"rendered":"<div class=\"wpb-content-wrapper\"><p>[vc_row][vc_column]<div class=\"cm_text\">The Collection of Contemporary Applied Art and Design, founded in 1966, encompasses unique and series-produced artefacts of the most diverse materials that were created in the period from 1918 to the present day.<\/p>\n<p>The continuous collecting of inter-war applied art achievements started in the 1970s when Serbian society, excited by world museum trends, started to appreciate what had been created in this period. Over time, collections were formed of works by artists like Du\u0161an Jankovi\u0107, Milo\u0161 Babi\u0107, Vasa Pomori\u0161ac, and architect Svetomir Lazi\u0107, followed by applied graphics, medals, badges, household objects and clothing items. Thanks to the post-war flourishing of applied art, to which the Museum of Applied Art was actively contributing, the representative collections of tapestry, textile and contemporary clothing were formed as well.<\/p>\n<p>The collection of contemporary ceramics was formed in 1951, immediately upon the establishment of the Museum of Applied Art, and is comprised of ceramic art and industrial ceramics. The collection shows the development of ceramic as a material from the mid-20<sup>th<\/sup> century to present day. One of the key collections is the collection of contemporary glass, which follows the continuous development of artistic and industrially designed glass. Additionally, there is the\u00a0collection of industrial design and furniture, as well as the collection of metal and wood art objects.<\/p>\n<p>The collections of posters and graphic design, book illustrations and bindings, comic strips, caricatures and photography from the period after 1945 to the present day contain a rich diversity of articles. A particularly valuable unit is the collection of posters which preserves more than six thousand items. A special place is occupied by the collection of contemporary Polish posters, which represents a comprehensive and rich collection of works belonging to the field of Polish modern graphic design. A separate part of the collection of posters and graphic design includes the legacies from graphic designers and illustrators \u0110or\u0111e Milanovi\u0107 and Dragoslav Stojanovi\u0107 Sip.<\/p>\n<p>Curators:<br \/>\nBojana Popovi\u0107, M.A, Museum Advisor<br \/>\nJelena Popovi\u0107, Senior Curator<br \/>\nSlobodan Jovanovi\u0107, Senior Curator<\/div><div class=\"cm_slider\"><div class=\"content royal_slider_69f709da92d06\"><div class=\"slide\" href=\"https:\/\/mpu.rs\/wp-content\/uploads\/2018\/02\/zbirka-sp-24086-1-600x900.jpg\" title=\"From <i>the Damned Jerina (Prokleta Jerina)<\/i> Collection\" data-caption=\"Aleksandar Joksimovi\u0107, 1969, (photo by: Tony Kent, for the French edition of &lt;i&gt;Elle&lt;\/i&gt; magazine)&lt;br&gt;\r\nMAA inv. no. 24086\/1\"><img decoding=\"async\" class=\"rsImg\" src=\"https:\/\/mpu.rs\/wp-content\/uploads\/2018\/02\/zbirka-sp-24086-1-360x540.jpg\" \/><div class=\"caption\"><p class=\"title\">From <i>the Damned Jerina (Prokleta Jerina)<\/i> Collection<\/p><p class=\"desc\">Aleksandar Joksimovi\u0107, 1969, (photo by: Tony Kent, for the French edition of <i>Elle<\/i> magazine)<br>\r\nMAA inv. no. 24086\/1<\/p><\/div><\/div><div class=\"slide\" href=\"https:\/\/mpu.rs\/wp-content\/uploads\/2018\/02\/zbirka-sp-18368-732x900.jpg\" title=\"Poster Design for the Artists\u2019 Ball <i>1002 Nights<\/i>\" data-caption=\"Du\u0161an Jankovi\u0107, Belgrade, 1923&lt;br&gt;\r\nMAA inv. no. 18368\"><img decoding=\"async\" class=\"rsImg\" src=\"https:\/\/mpu.rs\/wp-content\/uploads\/2018\/02\/zbirka-sp-18368-439x540.jpg\" \/><div class=\"caption\"><p class=\"title\">Poster Design for the Artists\u2019 Ball <i>1002 Nights<\/i><\/p><p class=\"desc\">Du\u0161an Jankovi\u0107, Belgrade, 1923<br>\r\nMAA inv. no. 18368<\/p><\/div><\/div><div class=\"slide\" href=\"https:\/\/mpu.rs\/wp-content\/uploads\/2018\/02\/zbirka-sp-24324-900x900.jpg\" title=\"Decorative Plate <i>Woman with a Bird and a Vase of Flowers<\/i>\" data-caption=\"Du\u0161an Jovanovi\u0107 \u0110ukin, Paris, 1929\/1930&lt;br&gt;\r\nMAA inv. no. 24324\"><img decoding=\"async\" class=\"rsImg\" src=\"https:\/\/mpu.rs\/wp-content\/uploads\/2018\/02\/zbirka-sp-24324-540x540.jpg\" \/><div class=\"caption\"><p class=\"title\">Decorative Plate <i>Woman with a Bird and a Vase of Flowers<\/i><\/p><p class=\"desc\">Du\u0161an Jovanovi\u0107 \u0110ukin, Paris, 1929\/1930<br>\r\nMAA inv. no. 24324<\/p><\/div><\/div><div class=\"slide\" href=\"https:\/\/mpu.rs\/wp-content\/uploads\/2018\/02\/zbirka-sp-5724-640x900.jpg\" title=\"Poster for the Film <i>Third Man<\/i>\" data-caption=\"Aleksandar Gojkovi\u0107, Belgrade, 1956&lt;br&gt;\r\nMAA inv. no. 5724\"><img decoding=\"async\" class=\"rsImg\" src=\"https:\/\/mpu.rs\/wp-content\/uploads\/2018\/02\/zbirka-sp-5724-384x540.jpg\" \/><div class=\"caption\"><p class=\"title\">Poster for the Film <i>Third Man<\/i><\/p><p class=\"desc\">Aleksandar Gojkovi\u0107, Belgrade, 1956<br>\r\nMAA inv. no. 5724<\/p><\/div><\/div><div class=\"slide\" href=\"https:\/\/mpu.rs\/wp-content\/uploads\/2018\/02\/zbirka-sp-3826-744x900.jpg\" title=\"Chair of the <i>Sultana<\/i> type\" data-caption=\"Institute for Applied Arts of the People\u2019s Republic of Serbia, Belgrade, 1958&lt;br&gt;\r\nMAA inv. no. 3826\"><img decoding=\"async\" class=\"rsImg\" src=\"https:\/\/mpu.rs\/wp-content\/uploads\/2018\/02\/zbirka-sp-3826-447x540.jpg\" \/><div class=\"caption\"><p class=\"title\">Chair of the <i>Sultana<\/i> type<\/p><p class=\"desc\">Institute for Applied Arts of the People\u2019s Republic of Serbia, Belgrade, 1958<br>\r\nMAA inv. no. 3826<\/p><\/div><\/div><div class=\"slide\" href=\"https:\/\/mpu.rs\/wp-content\/uploads\/2018\/02\/zbirka-sp-4132-762x900.jpg\" title=\"Liquor Set, <i>Stem Glass<\/i> type\" data-caption=\"Veselko Zori\u0107, Serbian Glass Factory, Para\u0107in, 1960&lt;br&gt;\r\nMAA inv. no. 4132\"><img decoding=\"async\" class=\"rsImg\" src=\"https:\/\/mpu.rs\/wp-content\/uploads\/2018\/02\/zbirka-sp-4132-457x540.jpg\" \/><div class=\"caption\"><p class=\"title\">Liquor Set, <i>Stem Glass<\/i> type<\/p><p class=\"desc\">Veselko Zori\u0107, Serbian Glass Factory, Para\u0107in, 1960<br>\r\nMAA inv. no. 4132<\/p><\/div><\/div><div class=\"slide\" href=\"https:\/\/mpu.rs\/wp-content\/uploads\/2018\/02\/zbirka-sp-9433-702x900.jpg\" title=\"Perpetuum Mobile\" data-caption=\"Ivan Tabakovi\u0107, SFR Yugoslavia, Belgrade, 1966&lt;br&gt;\r\nMAA inv. no. 9433\"><img decoding=\"async\" class=\"rsImg\" src=\"https:\/\/mpu.rs\/wp-content\/uploads\/2018\/02\/zbirka-sp-9433-421x540.jpg\" \/><div class=\"caption\"><p class=\"title\">Perpetuum Mobile<\/p><p class=\"desc\">Ivan Tabakovi\u0107, SFR Yugoslavia, Belgrade, 1966<br>\r\nMAA inv. no. 9433<\/p><\/div><\/div><div class=\"slide\" href=\"https:\/\/mpu.rs\/wp-content\/uploads\/2018\/02\/zbirka-sp-7742-612x900.jpg\" title=\"Poster for the Theatre Play <i>Hair<\/i>\" data-caption=\"Vladislav Lalicki, Belgrade, 1970&lt;br&gt;\r\nMAA inv. no. 7742\"><img decoding=\"async\" class=\"rsImg\" src=\"https:\/\/mpu.rs\/wp-content\/uploads\/2018\/02\/zbirka-sp-7742-367x540.jpg\" \/><div class=\"caption\"><p class=\"title\">Poster for the Theatre Play <i>Hair<\/i><\/p><p class=\"desc\">Vladislav Lalicki, Belgrade, 1970<br>\r\nMAA inv. no. 7742<\/p><\/div><\/div><div class=\"slide\" href=\"https:\/\/mpu.rs\/wp-content\/uploads\/2018\/02\/zbirka-sp-9666-964x900.jpg\" title=\"Illustration for the Book <i>Invisible Bird<\/i>\" data-caption=\"Du\u0161an Petri\u010di\u0107, Belgrade, 1974&lt;br&gt;\r\nMAA inv. no. 9666\"><img decoding=\"async\" class=\"rsImg\" src=\"https:\/\/mpu.rs\/wp-content\/uploads\/2018\/02\/zbirka-sp-9666-578x540.jpg\" \/><div class=\"caption\"><p class=\"title\">Illustration for the Book <i>Invisible Bird<\/i><\/p><p class=\"desc\">Du\u0161an Petri\u010di\u0107, Belgrade, 1974<br>\r\nMAA inv. no. 9666<\/p><\/div><\/div><div class=\"slide\" href=\"https:\/\/mpu.rs\/wp-content\/uploads\/2018\/02\/zbirka-sp-18906.jpg\" title=\"<i>Slices<\/i>, Prototype from the Series Titled <i>Porcelain in the Service of Work and Leisure<\/i>\" data-caption=\"Ljubinko Jovanovi\u0107, Porcelain Factory in Zaje\u010dar, SFR Yugoslavia, 1978\u20131979&lt;br&gt;\r\nMAA inv. no. 18906\"><img decoding=\"async\" class=\"rsImg\" src=\"https:\/\/mpu.rs\/wp-content\/uploads\/2018\/02\/zbirka-sp-18906-665x540.jpg\" \/><div class=\"caption\"><p class=\"title\"><i>Slices<\/i>, Prototype from the Series Titled <i>Porcelain in the Service of Work and Leisure<\/i><\/p><p class=\"desc\">Ljubinko Jovanovi\u0107, Porcelain Factory in Zaje\u010dar, SFR Yugoslavia, 1978\u20131979<br>\r\nMAA inv. no. 18906<\/p><\/div><\/div><div class=\"slide\" href=\"https:\/\/mpu.rs\/wp-content\/uploads\/2018\/02\/zbirka-sp-18630.jpg\" title=\"<i>A Change in State is Equal to the Quantum Hypothesis on the Theory of the Absurd or the Album of Mrs A<\/i>\" data-caption=\"Olivera Nin\u010di\u0107, Belgrade, 1988&lt;br&gt;\r\nMAA inv. no. 18630\"><img decoding=\"async\" class=\"rsImg\" src=\"https:\/\/mpu.rs\/wp-content\/uploads\/2018\/02\/zbirka-sp-18630-960x148.jpg\" \/><div class=\"caption\"><p class=\"title\"><i>A Change in State is Equal to the Quantum Hypothesis on the Theory of the Absurd or the Album of Mrs A<\/i><\/p><p class=\"desc\">Olivera Nin\u010di\u0107, Belgrade, 1988<br>\r\nMAA inv. no. 18630<\/p><\/div><\/div><div class=\"slide\" href=\"https:\/\/mpu.rs\/wp-content\/uploads\/2018\/02\/zbirka-sp-22498-708x900.jpg\" title=\"Panel from the Comic Strip <i>The Scourge of God (Le Fl\u00e9au des Dieux)<\/i>\" data-caption=\"Aleksa Gaji\u0107, Belgrade, 2000\u20132005&lt;br&gt;\r\nMAA inv. no. 22498\"><img decoding=\"async\" class=\"rsImg\" src=\"https:\/\/mpu.rs\/wp-content\/uploads\/2018\/02\/zbirka-sp-22498-425x540.jpg\" \/><div class=\"caption\"><p class=\"title\">Panel from the Comic Strip <i>The Scourge of God (Le Fl\u00e9au des Dieux)<\/i><\/p><p class=\"desc\">Aleksa Gaji\u0107, Belgrade, 2000\u20132005<br>\r\nMAA inv. no. 22498<\/p><\/div><\/div><\/div><\/div>        <script>\n            jQuery(document).ready(function ($) {\n                var slider = $('.royal_slider_69f709da92d06');\n                slider.royalSlider({\n                    navigateByClick: false,\n                    allowCSS3: false,\n                    autoScaleSlider: false,\n                    autoHeight: false,\n                    controlNavigation: 'none',\n                    imageScaleMode: 'fit-if-smaller',\n                    imageScalePadding: 0,\n                    arrowsNavAutoHide: false,\n                    transitionType: 'fade',\n                    imageAlignCenter: false,\n                    transitionSpeed: 200,\n                    loop: true,\n                    autoPlay: {\n                        enabled: true,\n                        pauseOnHover: false,\n                        delay: 5000\n                    }\n                });\n                var slider_api = slider.data('royalSlider');\n                slider_api.slides[0].holder.on('rsAfterContentSet', function () {\n                    slider.addClass('started');\n                });\n\n                $('.royal_slider_69f709da92d06').on('click', '.rsImg', function () {\n                    $.magnificPopup.open({\n                        items: [{\"src\":\"https:\\\/\\\/mpu.rs\\\/wp-content\\\/uploads\\\/2018\\\/02\\\/zbirka-sp-24086-1-600x900.jpg\",\"type\":\"image\",\"title\":\"From <i>the Damned Jerina (Prokleta Jerina)<\\\/i> Collection<small>Aleksandar Joksimovi\\u0107, 1969, (photo by: Tony Kent, for the French edition of <i>Elle<\\\/i> magazine)<br>\\r\\nMAA inv. no. 24086\\\/1<\\\/small>\"},{\"src\":\"https:\\\/\\\/mpu.rs\\\/wp-content\\\/uploads\\\/2018\\\/02\\\/zbirka-sp-18368-732x900.jpg\",\"type\":\"image\",\"title\":\"Poster Design for the Artists\\u2019 Ball <i>1002 Nights<\\\/i><small>Du\\u0161an Jankovi\\u0107, Belgrade, 1923<br>\\r\\nMAA inv. no. 18368<\\\/small>\"},{\"src\":\"https:\\\/\\\/mpu.rs\\\/wp-content\\\/uploads\\\/2018\\\/02\\\/zbirka-sp-24324-900x900.jpg\",\"type\":\"image\",\"title\":\"Decorative Plate <i>Woman with a Bird and a Vase of Flowers<\\\/i><small>Du\\u0161an Jovanovi\\u0107 \\u0110ukin, Paris, 1929\\\/1930<br>\\r\\nMAA inv. no. 24324<\\\/small>\"},{\"src\":\"https:\\\/\\\/mpu.rs\\\/wp-content\\\/uploads\\\/2018\\\/02\\\/zbirka-sp-5724-640x900.jpg\",\"type\":\"image\",\"title\":\"Poster for the Film <i>Third Man<\\\/i><small>Aleksandar Gojkovi\\u0107, Belgrade, 1956<br>\\r\\nMAA inv. no. 5724<\\\/small>\"},{\"src\":\"https:\\\/\\\/mpu.rs\\\/wp-content\\\/uploads\\\/2018\\\/02\\\/zbirka-sp-3826-744x900.jpg\",\"type\":\"image\",\"title\":\"Chair of the <i>Sultana<\\\/i> type<small>Institute for Applied Arts of the People\\u2019s Republic of Serbia, Belgrade, 1958<br>\\r\\nMAA inv. no. 3826<\\\/small>\"},{\"src\":\"https:\\\/\\\/mpu.rs\\\/wp-content\\\/uploads\\\/2018\\\/02\\\/zbirka-sp-4132-762x900.jpg\",\"type\":\"image\",\"title\":\"Liquor Set, <i>Stem Glass<\\\/i> type<small>Veselko Zori\\u0107, Serbian Glass Factory, Para\\u0107in, 1960<br>\\r\\nMAA inv. no. 4132<\\\/small>\"},{\"src\":\"https:\\\/\\\/mpu.rs\\\/wp-content\\\/uploads\\\/2018\\\/02\\\/zbirka-sp-9433-702x900.jpg\",\"type\":\"image\",\"title\":\"Perpetuum Mobile<small>Ivan Tabakovi\\u0107, SFR Yugoslavia, Belgrade, 1966<br>\\r\\nMAA inv. no. 9433<\\\/small>\"},{\"src\":\"https:\\\/\\\/mpu.rs\\\/wp-content\\\/uploads\\\/2018\\\/02\\\/zbirka-sp-7742-612x900.jpg\",\"type\":\"image\",\"title\":\"Poster for the Theatre Play <i>Hair<\\\/i><small>Vladislav Lalicki, Belgrade, 1970<br>\\r\\nMAA inv. no. 7742<\\\/small>\"},{\"src\":\"https:\\\/\\\/mpu.rs\\\/wp-content\\\/uploads\\\/2018\\\/02\\\/zbirka-sp-9666-964x900.jpg\",\"type\":\"image\",\"title\":\"Illustration for the Book <i>Invisible Bird<\\\/i><small>Du\\u0161an Petri\\u010di\\u0107, Belgrade, 1974<br>\\r\\nMAA inv. no. 9666<\\\/small>\"},{\"src\":\"https:\\\/\\\/mpu.rs\\\/wp-content\\\/uploads\\\/2018\\\/02\\\/zbirka-sp-18906.jpg\",\"type\":\"image\",\"title\":\"<i>Slices<\\\/i>, Prototype from the Series Titled <i>Porcelain in the Service of Work and Leisure<\\\/i><small>Ljubinko Jovanovi\\u0107, Porcelain Factory in Zaje\\u010dar, SFR Yugoslavia, 1978\\u20131979<br>\\r\\nMAA inv. no. 18906<\\\/small>\"},{\"src\":\"https:\\\/\\\/mpu.rs\\\/wp-content\\\/uploads\\\/2018\\\/02\\\/zbirka-sp-18630.jpg\",\"type\":\"image\",\"title\":\"<i>A Change in State is Equal to the Quantum Hypothesis on the Theory of the Absurd or the Album of Mrs A<\\\/i><small>Olivera Nin\\u010di\\u0107, Belgrade, 1988<br>\\r\\nMAA inv. no. 18630<\\\/small>\"},{\"src\":\"https:\\\/\\\/mpu.rs\\\/wp-content\\\/uploads\\\/2018\\\/02\\\/zbirka-sp-22498-708x900.jpg\",\"type\":\"image\",\"title\":\"Panel from the Comic Strip <i>The Scourge of God (Le Fl\\u00e9au des Dieux)<\\\/i><small>Aleksa Gaji\\u0107, Belgrade, 2000\\u20132005<br>\\r\\nMAA inv. no. 22498<\\\/small>\"}],\n                        type: 'image',\n                        tLoading: 'Loading image #%curr%...',\n                        gallery: {\n                            enabled: true,\n                            navigateByImgClick: true,\n                            preload: [0, 1] \/\/ Will preload 0 - before current, and 1 after the current image\n                        },\n                        image: {\n                            tError: 'Loading failed',\n                            titleSrc: function (item) {\n                                console.log(item);\n                                \/*var title = '';\n                                 if (item.el.attr('title')) {\n                                 title = item.el.attr('title');\n                                 }\n                                 if (item.el.attr('data-caption')) {\n                                 title += ' <small>' + item.el.attr('data-caption') + '<\/small>';\n                                 }\n                                 return title;*\/\n                            }\n                        },\n                        callbacks: {\n                            open: function () {\n                                var mfp = jQuery.magnificPopup.instance;\n                                var proto = $.magnificPopup.proto;\n\n                                \/\/ extend function that moves to next item\n                                mfp.next = function () {\n                                    \/\/ if index is not last, call parent method\n                                    if (mfp.index < mfp.items.length - 1) {\n                                        proto.next.call(mfp);\n                                    } else {\n                                        mfp.close();\n                                    }\n                                };\n\n                                \/\/ same with prev method\n                                mfp.prev = function () {\n                                    if (mfp.index > 0) {\n                                        proto.prev.call(mfp);\n                                    } else {\n                                        mfp.close();\n                                    }\n                                };\n                                var current_slide = parseInt(slider.data('royalSlider').currSlide.id);\n                                mfp.goTo(current_slide);\n\n\n                                $('.mfp-wrap').swipe({\n                                    swipeLeft: function (event, direction, distance, duration, fingerCount) {\n                                        $(\".mfp-arrow-right\").magnificPopup(\"next\");\n                                    },\n                                    swipeRight: function () {\n                                        $(\".mfp-arrow-left\").magnificPopup(\"prev\");\n                                    },\n                                    threshold: 50\n                                });\n                            }\n                        }\n                    });\n                });\n            });\n        <\/script>\n        [\/vc_column][\/vc_row]<\/p>\n<\/div>","protected":false},"excerpt":{"rendered":"<p>[vc_row][vc_column][\/vc_column][\/vc_row]<\/p>\n","protected":false},"author":2,"featured_media":0,"parent":0,"menu_order":0,"comment_status":"closed","ping_status":"closed","template":"","meta":{"footnotes":""},"acf":[],"yoast_head":"<!-- This site is optimized with the Yoast SEO plugin v21.8 - https:\/\/yoast.com\/wordpress\/plugins\/seo\/ -->\n<title>CONTEMPORARY APPLIED ART AND DESIGN - \u041c\u0443\u0437\u0435\u0458 \u043f\u0440\u0438\u043c\u0435\u045a\u0435\u043d\u0435 \u0443\u043c\u0435\u0442\u043d\u043e\u0441\u0442\u0438 \u0411\u0435\u043e\u0433\u0440\u0430\u0434<\/title>\n<meta name=\"robots\" content=\"index, follow, max-snippet:-1, max-image-preview:large, max-video-preview:-1\" \/>\n<link rel=\"canonical\" href=\"https:\/\/mpu.rs\/en\/contemporary-applied-art-and-design\/\" \/>\n<meta property=\"og:locale\" content=\"en_US\" \/>\n<meta property=\"og:type\" content=\"article\" \/>\n<meta property=\"og:title\" content=\"CONTEMPORARY APPLIED ART AND DESIGN - \u041c\u0443\u0437\u0435\u0458 \u043f\u0440\u0438\u043c\u0435\u045a\u0435\u043d\u0435 \u0443\u043c\u0435\u0442\u043d\u043e\u0441\u0442\u0438 \u0411\u0435\u043e\u0433\u0440\u0430\u0434\" \/>\n<meta property=\"og:description\" content=\"[vc_row][vc_column][\/vc_column][\/vc_row]\" \/>\n<meta property=\"og:url\" content=\"https:\/\/mpu.rs\/en\/contemporary-applied-art-and-design\/\" \/>\n<meta property=\"og:site_name\" content=\"\u041c\u0443\u0437\u0435\u0458 \u043f\u0440\u0438\u043c\u0435\u045a\u0435\u043d\u0435 \u0443\u043c\u0435\u0442\u043d\u043e\u0441\u0442\u0438 \u0411\u0435\u043e\u0433\u0440\u0430\u0434\" \/>\n<meta property=\"article:modified_time\" content=\"2018-09-27T09:07:35+00:00\" \/>\n<meta name=\"twitter:card\" content=\"summary_large_image\" \/>\n<meta name=\"twitter:label1\" content=\"Est. reading time\" \/>\n\t<meta name=\"twitter:data1\" content=\"2 minutes\" \/>\n<script type=\"application\/ld+json\" class=\"yoast-schema-graph\">{\"@context\":\"https:\/\/schema.org\",\"@graph\":[{\"@type\":\"WebPage\",\"@id\":\"https:\/\/mpu.rs\/en\/contemporary-applied-art-and-design\/\",\"url\":\"https:\/\/mpu.rs\/en\/contemporary-applied-art-and-design\/\",\"name\":\"CONTEMPORARY APPLIED ART AND DESIGN - \u041c\u0443\u0437\u0435\u0458 \u043f\u0440\u0438\u043c\u0435\u045a\u0435\u043d\u0435 \u0443\u043c\u0435\u0442\u043d\u043e\u0441\u0442\u0438 \u0411\u0435\u043e\u0433\u0440\u0430\u0434\",\"isPartOf\":{\"@id\":\"https:\/\/mpu.rs\/#website\"},\"datePublished\":\"2018-05-03T08:28:24+00:00\",\"dateModified\":\"2018-09-27T09:07:35+00:00\",\"breadcrumb\":{\"@id\":\"https:\/\/mpu.rs\/en\/contemporary-applied-art-and-design\/#breadcrumb\"},\"inLanguage\":\"en-US\",\"potentialAction\":[{\"@type\":\"ReadAction\",\"target\":[\"https:\/\/mpu.rs\/en\/contemporary-applied-art-and-design\/\"]}]},{\"@type\":\"BreadcrumbList\",\"@id\":\"https:\/\/mpu.rs\/en\/contemporary-applied-art-and-design\/#breadcrumb\",\"itemListElement\":[{\"@type\":\"ListItem\",\"position\":1,\"name\":\"Home\",\"item\":\"https:\/\/mpu.rs\/en\/\"},{\"@type\":\"ListItem\",\"position\":2,\"name\":\"CONTEMPORARY APPLIED ART AND DESIGN\"}]},{\"@type\":\"WebSite\",\"@id\":\"https:\/\/mpu.rs\/#website\",\"url\":\"https:\/\/mpu.rs\/\",\"name\":\"\u041c\u0443\u0437\u0435\u0458 \u043f\u0440\u0438\u043c\u0435\u045a\u0435\u043d\u0435 \u0443\u043c\u0435\u0442\u043d\u043e\u0441\u0442\u0438 \u0411\u0435\u043e\u0433\u0440\u0430\u0434\",\"description\":\"\u0423\u043c\u0435\u0442\u043d\u0438\u0447\u043a\u0438 \u043c\u0443\u0437\u0435\u0458 \u0441\u043f\u0435\u0446\u0438\u0458\u0430\u043b\u0438\u0437\u043e\u0432\u0430\u043d\u043e\u0433 \u0442\u0438\u043f\u0430. \u041e\u0441\u043d\u043e\u0432\u043d\u0430 \u0434\u0435\u043b\u0430\u0442\u043d\u043e\u0441\u0442 \u043c\u0443\u0437\u0435\u0458\u0430 \u0458\u0435 \u0434\u0430 \u0441\u0438\u0441\u0442\u0435\u043c\u0430\u0442\u0441\u043a\u0438 \u043f\u0440\u0438\u043a\u0443\u043f\u0459\u0430, \u0437\u0430\u0448\u0442\u0438\u045b\u0443\u0458\u0435, \u0447\u0443\u0432\u0430, \u043f\u0440\u043e\u0443\u0447\u0430\u0432\u0430, \u0438\u0437\u043b\u0430\u0436\u0435 \u0438 \u043f\u0443\u0431\u043b\u0438\u043a\u0443\u0458\u0435 \u043f\u0440\u0435\u0434\u043c\u0435\u0442\u0435 \u043f\u0440\u0438\u043c\u0435\u045a\u0435\u043d\u0435\",\"potentialAction\":[{\"@type\":\"SearchAction\",\"target\":{\"@type\":\"EntryPoint\",\"urlTemplate\":\"https:\/\/mpu.rs\/?s={search_term_string}\"},\"query-input\":\"required name=search_term_string\"}],\"inLanguage\":\"en-US\"}]}<\/script>\n<!-- \/ Yoast SEO plugin. -->","yoast_head_json":{"title":"CONTEMPORARY APPLIED ART AND DESIGN - \u041c\u0443\u0437\u0435\u0458 \u043f\u0440\u0438\u043c\u0435\u045a\u0435\u043d\u0435 \u0443\u043c\u0435\u0442\u043d\u043e\u0441\u0442\u0438 \u0411\u0435\u043e\u0433\u0440\u0430\u0434","robots":{"index":"index","follow":"follow","max-snippet":"max-snippet:-1","max-image-preview":"max-image-preview:large","max-video-preview":"max-video-preview:-1"},"canonical":"https:\/\/mpu.rs\/en\/contemporary-applied-art-and-design\/","og_locale":"en_US","og_type":"article","og_title":"CONTEMPORARY APPLIED ART AND DESIGN - \u041c\u0443\u0437\u0435\u0458 \u043f\u0440\u0438\u043c\u0435\u045a\u0435\u043d\u0435 \u0443\u043c\u0435\u0442\u043d\u043e\u0441\u0442\u0438 \u0411\u0435\u043e\u0433\u0440\u0430\u0434","og_description":"[vc_row][vc_column][\/vc_column][\/vc_row]","og_url":"https:\/\/mpu.rs\/en\/contemporary-applied-art-and-design\/","og_site_name":"\u041c\u0443\u0437\u0435\u0458 \u043f\u0440\u0438\u043c\u0435\u045a\u0435\u043d\u0435 \u0443\u043c\u0435\u0442\u043d\u043e\u0441\u0442\u0438 \u0411\u0435\u043e\u0433\u0440\u0430\u0434","article_modified_time":"2018-09-27T09:07:35+00:00","twitter_card":"summary_large_image","twitter_misc":{"Est. reading time":"2 minutes"},"schema":{"@context":"https:\/\/schema.org","@graph":[{"@type":"WebPage","@id":"https:\/\/mpu.rs\/en\/contemporary-applied-art-and-design\/","url":"https:\/\/mpu.rs\/en\/contemporary-applied-art-and-design\/","name":"CONTEMPORARY APPLIED ART AND DESIGN - \u041c\u0443\u0437\u0435\u0458 \u043f\u0440\u0438\u043c\u0435\u045a\u0435\u043d\u0435 \u0443\u043c\u0435\u0442\u043d\u043e\u0441\u0442\u0438 \u0411\u0435\u043e\u0433\u0440\u0430\u0434","isPartOf":{"@id":"https:\/\/mpu.rs\/#website"},"datePublished":"2018-05-03T08:28:24+00:00","dateModified":"2018-09-27T09:07:35+00:00","breadcrumb":{"@id":"https:\/\/mpu.rs\/en\/contemporary-applied-art-and-design\/#breadcrumb"},"inLanguage":"en-US","potentialAction":[{"@type":"ReadAction","target":["https:\/\/mpu.rs\/en\/contemporary-applied-art-and-design\/"]}]},{"@type":"BreadcrumbList","@id":"https:\/\/mpu.rs\/en\/contemporary-applied-art-and-design\/#breadcrumb","itemListElement":[{"@type":"ListItem","position":1,"name":"Home","item":"https:\/\/mpu.rs\/en\/"},{"@type":"ListItem","position":2,"name":"CONTEMPORARY APPLIED ART AND DESIGN"}]},{"@type":"WebSite","@id":"https:\/\/mpu.rs\/#website","url":"https:\/\/mpu.rs\/","name":"\u041c\u0443\u0437\u0435\u0458 \u043f\u0440\u0438\u043c\u0435\u045a\u0435\u043d\u0435 \u0443\u043c\u0435\u0442\u043d\u043e\u0441\u0442\u0438 \u0411\u0435\u043e\u0433\u0440\u0430\u0434","description":"\u0423\u043c\u0435\u0442\u043d\u0438\u0447\u043a\u0438 \u043c\u0443\u0437\u0435\u0458 \u0441\u043f\u0435\u0446\u0438\u0458\u0430\u043b\u0438\u0437\u043e\u0432\u0430\u043d\u043e\u0433 \u0442\u0438\u043f\u0430. \u041e\u0441\u043d\u043e\u0432\u043d\u0430 \u0434\u0435\u043b\u0430\u0442\u043d\u043e\u0441\u0442 \u043c\u0443\u0437\u0435\u0458\u0430 \u0458\u0435 \u0434\u0430 \u0441\u0438\u0441\u0442\u0435\u043c\u0430\u0442\u0441\u043a\u0438 \u043f\u0440\u0438\u043a\u0443\u043f\u0459\u0430, \u0437\u0430\u0448\u0442\u0438\u045b\u0443\u0458\u0435, \u0447\u0443\u0432\u0430, \u043f\u0440\u043e\u0443\u0447\u0430\u0432\u0430, \u0438\u0437\u043b\u0430\u0436\u0435 \u0438 \u043f\u0443\u0431\u043b\u0438\u043a\u0443\u0458\u0435 \u043f\u0440\u0435\u0434\u043c\u0435\u0442\u0435 \u043f\u0440\u0438\u043c\u0435\u045a\u0435\u043d\u0435","potentialAction":[{"@type":"SearchAction","target":{"@type":"EntryPoint","urlTemplate":"https:\/\/mpu.rs\/?s={search_term_string}"},"query-input":"required name=search_term_string"}],"inLanguage":"en-US"}]}},"_links":{"self":[{"href":"https:\/\/mpu.rs\/en\/wp-json\/wp\/v2\/pages\/13705"}],"collection":[{"href":"https:\/\/mpu.rs\/en\/wp-json\/wp\/v2\/pages"}],"about":[{"href":"https:\/\/mpu.rs\/en\/wp-json\/wp\/v2\/types\/page"}],"author":[{"embeddable":true,"href":"https:\/\/mpu.rs\/en\/wp-json\/wp\/v2\/users\/2"}],"replies":[{"embeddable":true,"href":"https:\/\/mpu.rs\/en\/wp-json\/wp\/v2\/comments?post=13705"}],"version-history":[{"count":0,"href":"https:\/\/mpu.rs\/en\/wp-json\/wp\/v2\/pages\/13705\/revisions"}],"wp:attachment":[{"href":"https:\/\/mpu.rs\/en\/wp-json\/wp\/v2\/media?parent=13705"}],"curies":[{"name":"wp","href":"https:\/\/api.w.org\/{rel}","templated":true}]}}