{"id":15615,"date":"2019-06-03T23:49:55","date_gmt":"2019-06-03T21:49:55","guid":{"rendered":"http:\/\/mpu.rs\/prague-quadrennial-of-stage-design-and-stage-space-2019-marko-milic\/"},"modified":"2019-06-03T23:49:55","modified_gmt":"2019-06-03T21:49:55","slug":"prague-quadrennial-of-stage-design-and-stage-space-2019-marko-milic","status":"publish","type":"page","link":"https:\/\/mpu.rs\/en\/prague-quadrennial-of-stage-design-and-stage-space-2019-marko-milic\/","title":{"rendered":"Prague Quadrennial of stage design and stage space 2019 &#8211; Marko Mili\u0107"},"content":{"rendered":"<div class=\"wpb-content-wrapper\"><p>[vc_row][vc_column]<div class=\"cm_slider\"><div class=\"content royal_slider_69f73eced3e63\"><div class=\"slide\" href=\"https:\/\/mpu.rs\/wp-content\/uploads\/2019\/06\/izlozbe-2019-pq2019-nacionalna-01_-MM_LUMI.jpg\" title=\"<i>LUMI<\/i>\" data-caption=\"Marko Mili\u0107\"><img decoding=\"async\" class=\"rsImg\" src=\"https:\/\/mpu.rs\/wp-content\/uploads\/2019\/06\/izlozbe-2019-pq2019-nacionalna-01_-MM_LUMI-720x540.jpg\" \/><div class=\"caption\"><p class=\"title\"><i>LUMI<\/i><\/p><p class=\"desc\">Marko Mili\u0107<\/p><\/div><\/div><div class=\"slide\" href=\"https:\/\/mpu.rs\/wp-content\/uploads\/2019\/06\/izlozbe-2019-pq2019-nacionalna-03_-MM_LUMI.my-first-time.jpg\" title=\"<i>LUMI<\/i>\" data-caption=\"Marko Mili\u0107\"><img decoding=\"async\" class=\"rsImg\" src=\"https:\/\/mpu.rs\/wp-content\/uploads\/2019\/06\/izlozbe-2019-pq2019-nacionalna-03_-MM_LUMI.my-first-time-960x538.jpg\" \/><div class=\"caption\"><p class=\"title\"><i>LUMI<\/i><\/p><p class=\"desc\">Marko Mili\u0107<\/p><\/div><\/div><\/div><\/div>        <script>\n            jQuery(document).ready(function ($) {\n                var slider = $('.royal_slider_69f73eced3e63');\n                slider.royalSlider({\n                    navigateByClick: false,\n                    allowCSS3: false,\n                    autoScaleSlider: false,\n                    autoHeight: false,\n                    controlNavigation: 'none',\n                    imageScaleMode: 'fit-if-smaller',\n                    imageScalePadding: 0,\n                    arrowsNavAutoHide: false,\n                    transitionType: 'fade',\n                    imageAlignCenter: false,\n                    transitionSpeed: 200,\n                    loop: true,\n                    autoPlay: {\n                        enabled: true,\n                        pauseOnHover: false,\n                        delay: 5000\n                    }\n                });\n                var slider_api = slider.data('royalSlider');\n                slider_api.slides[0].holder.on('rsAfterContentSet', function () {\n                    slider.addClass('started');\n                });\n\n                $('.royal_slider_69f73eced3e63').on('click', '.rsImg', function () {\n                    $.magnificPopup.open({\n                        items: [{\"src\":\"https:\\\/\\\/mpu.rs\\\/wp-content\\\/uploads\\\/2019\\\/06\\\/izlozbe-2019-pq2019-nacionalna-01_-MM_LUMI.jpg\",\"type\":\"image\",\"title\":\"<i>LUMI<\\\/i><small>Marko Mili\\u0107<\\\/small>\"},{\"src\":\"https:\\\/\\\/mpu.rs\\\/wp-content\\\/uploads\\\/2019\\\/06\\\/izlozbe-2019-pq2019-nacionalna-03_-MM_LUMI.my-first-time.jpg\",\"type\":\"image\",\"title\":\"<i>LUMI<\\\/i><small>Marko Mili\\u0107<\\\/small>\"}],\n                        type: 'image',\n                        tLoading: 'Loading image #%curr%...',\n                        gallery: {\n                            enabled: true,\n                            navigateByImgClick: true,\n                            preload: [0, 1] \/\/ Will preload 0 - before current, and 1 after the current image\n                        },\n                        image: {\n                            tError: 'Loading failed',\n                            titleSrc: function (item) {\n                                console.log(item);\n                                \/*var title = '';\n                                 if (item.el.attr('title')) {\n                                 title = item.el.attr('title');\n                                 }\n                                 if (item.el.attr('data-caption')) {\n                                 title += ' <small>' + item.el.attr('data-caption') + '<\/small>';\n                                 }\n                                 return title;*\/\n                            }\n                        },\n                        callbacks: {\n                            open: function () {\n                                var mfp = jQuery.magnificPopup.instance;\n                                var proto = $.magnificPopup.proto;\n\n                                \/\/ extend function that moves to next item\n                                mfp.next = function () {\n                                    \/\/ if index is not last, call parent method\n                                    if (mfp.index < mfp.items.length - 1) {\n                                        proto.next.call(mfp);\n                                    } else {\n                                        mfp.close();\n                                    }\n                                };\n\n                                \/\/ same with prev method\n                                mfp.prev = function () {\n                                    if (mfp.index > 0) {\n                                        proto.prev.call(mfp);\n                                    } else {\n                                        mfp.close();\n                                    }\n                                };\n                                var current_slide = parseInt(slider.data('royalSlider').currSlide.id);\n                                mfp.goTo(current_slide);\n\n\n                                $('.mfp-wrap').swipe({\n                                    swipeLeft: function (event, direction, distance, duration, fingerCount) {\n                                        $(\".mfp-arrow-right\").magnificPopup(\"next\");\n                                    },\n                                    swipeRight: function () {\n                                        $(\".mfp-arrow-left\").magnificPopup(\"prev\");\n                                    },\n                                    threshold: 50\n                                });\n                            }\n                        }\n                    });\n                });\n            });\n        <\/script>\n        <div class=\"cm_text\"><\/p>\n<p><strong>01 Name of author\/applicant:<\/strong><\/p>\n<p>Marko Mili\u0107<\/p>\n<p><strong>02 Role\/category:<\/strong><\/p>\n<p>Use of media in performance design<\/p>\n<p><strong>03 Project title:<\/strong><\/p>\n<p><em>LUMI<\/em><\/p>\n<p><strong>04 Description (not exceeding 50 words):<\/strong><\/p>\n<p>The performer and author, Marko Mili\u0107, researches how traumatic events shape our capability to observe the world around us. <em>LUMI <\/em>serves as a catalyst to our tendency to superimpose our own traumas on everything we see.<\/p>\n<p>\u201cIt is hard enough for observers to bear witness to pain. Is it any wonder, then, that the traumatized individuals themselves cannot tolerate remembering it and that they often resort to using drugs, alcohol, or self-mutilation to block out their unbearable knowledge?\u201d \u2013 Bessel van der Kolk: <em>The Body Keeps the Score. Brain, Mind, and Body in the Healing of Trauma<\/em>, <em>2015<\/em>.<\/p>\n<p><strong>05 Impressum (production, place, year, other authors of the team):<\/strong><\/p>\n<p><em>Station \u2013 Service for Contemporary Dance<\/em> (Belgrade), <em>Schloss Solitude<\/em> (Stuttgart, Germany), Ministry of Culture and Information of the Republic of Serbia, 2016; performers: Marko Mili\u0107, Predrag Mladenovi\u0107, in cooperation with Marcel Schwald, Andrej \u0160iroki, Kaan Baltaci, Leif Persson, Milica Uri\u0107, Ana Dubljevi\u0107, Jelena Vuksanovi\u0107; music: David Morrow; animation: Milisav Bankovi\u0107<\/p>\n<p><strong>06 Photography:<\/strong><\/p>\n<p>Marko Mili\u0107<\/p>\n<p><strong>07 Biography (not exceeding 100 words):<\/strong><\/p>\n<p>Marko Mili\u0107 was born in Serbia in 1981. Since 1996 he has been attending workshops at the \u201cStari grad\u201d Cultural Centre, and in 2002, he started working under the influence of independent theatres from Belgrade. His most prominent works (<em>SERIES, anymore, Kejv, Physical Experience of Satisfaction<\/em> and <em>LUMI<\/em>) were shown at festivals, such as <em>ImpulsTanz<\/em> in Vienna; <em>TanzImAugust<\/em> in Berlin; <em>Perforations<\/em> in Dubrovnik and Zagreb; <em>FIDQU<\/em> in Montevideo; Festival of Choreographic Miniatures in Belgrade; <em>Kondenz<\/em> in Belgrade; <em>Il faut br\u00fbler pour briller<\/em> in Luxembourg; <em>CoFestival <\/em>in Ljubljana. He is a co-founder of <em>Station \u2013 Service for Contemporary Dance<\/em>, where he cooperates with artists and cultural workers on promotion of contemporary dance and performing arts in Serbia.<\/div>[\/vc_column][\/vc_row]<\/p>\n<\/div>","protected":false},"excerpt":{"rendered":"<p>[vc_row][vc_column][\/vc_column][\/vc_row]<\/p>\n","protected":false},"author":2,"featured_media":0,"parent":0,"menu_order":0,"comment_status":"closed","ping_status":"closed","template":"","meta":{"footnotes":""},"acf":[],"yoast_head":"<!-- This site is optimized with the Yoast SEO plugin v21.8 - https:\/\/yoast.com\/wordpress\/plugins\/seo\/ -->\n<title>Prague Quadrennial of stage design and stage space 2019 - Marko Mili\u0107 - \u041c\u0443\u0437\u0435\u0458 \u043f\u0440\u0438\u043c\u0435\u045a\u0435\u043d\u0435 \u0443\u043c\u0435\u0442\u043d\u043e\u0441\u0442\u0438 \u0411\u0435\u043e\u0433\u0440\u0430\u0434<\/title>\n<meta name=\"robots\" content=\"index, follow, max-snippet:-1, max-image-preview:large, max-video-preview:-1\" \/>\n<link rel=\"canonical\" href=\"https:\/\/mpu.rs\/en\/prague-quadrennial-of-stage-design-and-stage-space-2019-marko-milic\/\" \/>\n<meta property=\"og:locale\" content=\"en_US\" \/>\n<meta property=\"og:type\" content=\"article\" \/>\n<meta property=\"og:title\" content=\"Prague Quadrennial of stage design and stage space 2019 - Marko Mili\u0107 - \u041c\u0443\u0437\u0435\u0458 \u043f\u0440\u0438\u043c\u0435\u045a\u0435\u043d\u0435 \u0443\u043c\u0435\u0442\u043d\u043e\u0441\u0442\u0438 \u0411\u0435\u043e\u0433\u0440\u0430\u0434\" \/>\n<meta property=\"og:description\" content=\"[vc_row][vc_column][\/vc_column][\/vc_row]\" \/>\n<meta property=\"og:url\" content=\"https:\/\/mpu.rs\/en\/prague-quadrennial-of-stage-design-and-stage-space-2019-marko-milic\/\" \/>\n<meta property=\"og:site_name\" content=\"\u041c\u0443\u0437\u0435\u0458 \u043f\u0440\u0438\u043c\u0435\u045a\u0435\u043d\u0435 \u0443\u043c\u0435\u0442\u043d\u043e\u0441\u0442\u0438 \u0411\u0435\u043e\u0433\u0440\u0430\u0434\" \/>\n<meta name=\"twitter:card\" content=\"summary_large_image\" \/>\n<meta name=\"twitter:label1\" content=\"Est. reading time\" \/>\n\t<meta name=\"twitter:data1\" content=\"2 minutes\" \/>\n<script type=\"application\/ld+json\" class=\"yoast-schema-graph\">{\"@context\":\"https:\/\/schema.org\",\"@graph\":[{\"@type\":\"WebPage\",\"@id\":\"https:\/\/mpu.rs\/en\/prague-quadrennial-of-stage-design-and-stage-space-2019-marko-milic\/\",\"url\":\"https:\/\/mpu.rs\/en\/prague-quadrennial-of-stage-design-and-stage-space-2019-marko-milic\/\",\"name\":\"Prague Quadrennial of stage design and stage space 2019 - Marko Mili\u0107 - \u041c\u0443\u0437\u0435\u0458 \u043f\u0440\u0438\u043c\u0435\u045a\u0435\u043d\u0435 \u0443\u043c\u0435\u0442\u043d\u043e\u0441\u0442\u0438 \u0411\u0435\u043e\u0433\u0440\u0430\u0434\",\"isPartOf\":{\"@id\":\"https:\/\/mpu.rs\/#website\"},\"datePublished\":\"2019-06-03T21:49:55+00:00\",\"dateModified\":\"2019-06-03T21:49:55+00:00\",\"breadcrumb\":{\"@id\":\"https:\/\/mpu.rs\/en\/prague-quadrennial-of-stage-design-and-stage-space-2019-marko-milic\/#breadcrumb\"},\"inLanguage\":\"en-US\",\"potentialAction\":[{\"@type\":\"ReadAction\",\"target\":[\"https:\/\/mpu.rs\/en\/prague-quadrennial-of-stage-design-and-stage-space-2019-marko-milic\/\"]}]},{\"@type\":\"BreadcrumbList\",\"@id\":\"https:\/\/mpu.rs\/en\/prague-quadrennial-of-stage-design-and-stage-space-2019-marko-milic\/#breadcrumb\",\"itemListElement\":[{\"@type\":\"ListItem\",\"position\":1,\"name\":\"Home\",\"item\":\"https:\/\/mpu.rs\/en\/\"},{\"@type\":\"ListItem\",\"position\":2,\"name\":\"Prague Quadrennial of stage design and stage space 2019 &#8211; Marko Mili\u0107\"}]},{\"@type\":\"WebSite\",\"@id\":\"https:\/\/mpu.rs\/#website\",\"url\":\"https:\/\/mpu.rs\/\",\"name\":\"\u041c\u0443\u0437\u0435\u0458 \u043f\u0440\u0438\u043c\u0435\u045a\u0435\u043d\u0435 \u0443\u043c\u0435\u0442\u043d\u043e\u0441\u0442\u0438 \u0411\u0435\u043e\u0433\u0440\u0430\u0434\",\"description\":\"\u0423\u043c\u0435\u0442\u043d\u0438\u0447\u043a\u0438 \u043c\u0443\u0437\u0435\u0458 \u0441\u043f\u0435\u0446\u0438\u0458\u0430\u043b\u0438\u0437\u043e\u0432\u0430\u043d\u043e\u0433 \u0442\u0438\u043f\u0430. \u041e\u0441\u043d\u043e\u0432\u043d\u0430 \u0434\u0435\u043b\u0430\u0442\u043d\u043e\u0441\u0442 \u043c\u0443\u0437\u0435\u0458\u0430 \u0458\u0435 \u0434\u0430 \u0441\u0438\u0441\u0442\u0435\u043c\u0430\u0442\u0441\u043a\u0438 \u043f\u0440\u0438\u043a\u0443\u043f\u0459\u0430, \u0437\u0430\u0448\u0442\u0438\u045b\u0443\u0458\u0435, \u0447\u0443\u0432\u0430, \u043f\u0440\u043e\u0443\u0447\u0430\u0432\u0430, \u0438\u0437\u043b\u0430\u0436\u0435 \u0438 \u043f\u0443\u0431\u043b\u0438\u043a\u0443\u0458\u0435 \u043f\u0440\u0435\u0434\u043c\u0435\u0442\u0435 \u043f\u0440\u0438\u043c\u0435\u045a\u0435\u043d\u0435\",\"potentialAction\":[{\"@type\":\"SearchAction\",\"target\":{\"@type\":\"EntryPoint\",\"urlTemplate\":\"https:\/\/mpu.rs\/?s={search_term_string}\"},\"query-input\":\"required name=search_term_string\"}],\"inLanguage\":\"en-US\"}]}<\/script>\n<!-- \/ Yoast SEO plugin. -->","yoast_head_json":{"title":"Prague Quadrennial of stage design and stage space 2019 - Marko Mili\u0107 - \u041c\u0443\u0437\u0435\u0458 \u043f\u0440\u0438\u043c\u0435\u045a\u0435\u043d\u0435 \u0443\u043c\u0435\u0442\u043d\u043e\u0441\u0442\u0438 \u0411\u0435\u043e\u0433\u0440\u0430\u0434","robots":{"index":"index","follow":"follow","max-snippet":"max-snippet:-1","max-image-preview":"max-image-preview:large","max-video-preview":"max-video-preview:-1"},"canonical":"https:\/\/mpu.rs\/en\/prague-quadrennial-of-stage-design-and-stage-space-2019-marko-milic\/","og_locale":"en_US","og_type":"article","og_title":"Prague Quadrennial of stage design and stage space 2019 - Marko Mili\u0107 - \u041c\u0443\u0437\u0435\u0458 \u043f\u0440\u0438\u043c\u0435\u045a\u0435\u043d\u0435 \u0443\u043c\u0435\u0442\u043d\u043e\u0441\u0442\u0438 \u0411\u0435\u043e\u0433\u0440\u0430\u0434","og_description":"[vc_row][vc_column][\/vc_column][\/vc_row]","og_url":"https:\/\/mpu.rs\/en\/prague-quadrennial-of-stage-design-and-stage-space-2019-marko-milic\/","og_site_name":"\u041c\u0443\u0437\u0435\u0458 \u043f\u0440\u0438\u043c\u0435\u045a\u0435\u043d\u0435 \u0443\u043c\u0435\u0442\u043d\u043e\u0441\u0442\u0438 \u0411\u0435\u043e\u0433\u0440\u0430\u0434","twitter_card":"summary_large_image","twitter_misc":{"Est. reading time":"2 minutes"},"schema":{"@context":"https:\/\/schema.org","@graph":[{"@type":"WebPage","@id":"https:\/\/mpu.rs\/en\/prague-quadrennial-of-stage-design-and-stage-space-2019-marko-milic\/","url":"https:\/\/mpu.rs\/en\/prague-quadrennial-of-stage-design-and-stage-space-2019-marko-milic\/","name":"Prague Quadrennial of stage design and stage space 2019 - Marko Mili\u0107 - \u041c\u0443\u0437\u0435\u0458 \u043f\u0440\u0438\u043c\u0435\u045a\u0435\u043d\u0435 \u0443\u043c\u0435\u0442\u043d\u043e\u0441\u0442\u0438 \u0411\u0435\u043e\u0433\u0440\u0430\u0434","isPartOf":{"@id":"https:\/\/mpu.rs\/#website"},"datePublished":"2019-06-03T21:49:55+00:00","dateModified":"2019-06-03T21:49:55+00:00","breadcrumb":{"@id":"https:\/\/mpu.rs\/en\/prague-quadrennial-of-stage-design-and-stage-space-2019-marko-milic\/#breadcrumb"},"inLanguage":"en-US","potentialAction":[{"@type":"ReadAction","target":["https:\/\/mpu.rs\/en\/prague-quadrennial-of-stage-design-and-stage-space-2019-marko-milic\/"]}]},{"@type":"BreadcrumbList","@id":"https:\/\/mpu.rs\/en\/prague-quadrennial-of-stage-design-and-stage-space-2019-marko-milic\/#breadcrumb","itemListElement":[{"@type":"ListItem","position":1,"name":"Home","item":"https:\/\/mpu.rs\/en\/"},{"@type":"ListItem","position":2,"name":"Prague Quadrennial of stage design and stage space 2019 &#8211; Marko Mili\u0107"}]},{"@type":"WebSite","@id":"https:\/\/mpu.rs\/#website","url":"https:\/\/mpu.rs\/","name":"\u041c\u0443\u0437\u0435\u0458 \u043f\u0440\u0438\u043c\u0435\u045a\u0435\u043d\u0435 \u0443\u043c\u0435\u0442\u043d\u043e\u0441\u0442\u0438 \u0411\u0435\u043e\u0433\u0440\u0430\u0434","description":"\u0423\u043c\u0435\u0442\u043d\u0438\u0447\u043a\u0438 \u043c\u0443\u0437\u0435\u0458 \u0441\u043f\u0435\u0446\u0438\u0458\u0430\u043b\u0438\u0437\u043e\u0432\u0430\u043d\u043e\u0433 \u0442\u0438\u043f\u0430. \u041e\u0441\u043d\u043e\u0432\u043d\u0430 \u0434\u0435\u043b\u0430\u0442\u043d\u043e\u0441\u0442 \u043c\u0443\u0437\u0435\u0458\u0430 \u0458\u0435 \u0434\u0430 \u0441\u0438\u0441\u0442\u0435\u043c\u0430\u0442\u0441\u043a\u0438 \u043f\u0440\u0438\u043a\u0443\u043f\u0459\u0430, \u0437\u0430\u0448\u0442\u0438\u045b\u0443\u0458\u0435, \u0447\u0443\u0432\u0430, \u043f\u0440\u043e\u0443\u0447\u0430\u0432\u0430, \u0438\u0437\u043b\u0430\u0436\u0435 \u0438 \u043f\u0443\u0431\u043b\u0438\u043a\u0443\u0458\u0435 \u043f\u0440\u0435\u0434\u043c\u0435\u0442\u0435 \u043f\u0440\u0438\u043c\u0435\u045a\u0435\u043d\u0435","potentialAction":[{"@type":"SearchAction","target":{"@type":"EntryPoint","urlTemplate":"https:\/\/mpu.rs\/?s={search_term_string}"},"query-input":"required name=search_term_string"}],"inLanguage":"en-US"}]}},"_links":{"self":[{"href":"https:\/\/mpu.rs\/en\/wp-json\/wp\/v2\/pages\/15615"}],"collection":[{"href":"https:\/\/mpu.rs\/en\/wp-json\/wp\/v2\/pages"}],"about":[{"href":"https:\/\/mpu.rs\/en\/wp-json\/wp\/v2\/types\/page"}],"author":[{"embeddable":true,"href":"https:\/\/mpu.rs\/en\/wp-json\/wp\/v2\/users\/2"}],"replies":[{"embeddable":true,"href":"https:\/\/mpu.rs\/en\/wp-json\/wp\/v2\/comments?post=15615"}],"version-history":[{"count":0,"href":"https:\/\/mpu.rs\/en\/wp-json\/wp\/v2\/pages\/15615\/revisions"}],"wp:attachment":[{"href":"https:\/\/mpu.rs\/en\/wp-json\/wp\/v2\/media?parent=15615"}],"curies":[{"name":"wp","href":"https:\/\/api.w.org\/{rel}","templated":true}]}}