{"id":15621,"date":"2019-06-03T23:54:55","date_gmt":"2019-06-03T21:54:55","guid":{"rendered":"http:\/\/mpu.rs\/prague-quadrennial-of-stage-design-and-stage-space-2019-nikola-zavisic\/"},"modified":"2019-06-04T11:13:45","modified_gmt":"2019-06-04T09:13:45","slug":"prague-quadrennial-of-stage-design-and-stage-space-2019-nikola-zavisic","status":"publish","type":"page","link":"https:\/\/mpu.rs\/en\/prague-quadrennial-of-stage-design-and-stage-space-2019-nikola-zavisic\/","title":{"rendered":"Prague Quadrennial of stage design and stage space 2019 &#8211; Nikola Zavi\u0161i\u0107"},"content":{"rendered":"<div class=\"wpb-content-wrapper\"><p>[vc_row][vc_column]<div class=\"cm_slider\"><div class=\"content royal_slider_69f73ecea1a05\"><div class=\"slide\" href=\"https:\/\/mpu.rs\/wp-content\/uploads\/2019\/06\/izlozbe-2019-pq2019-nacionalna-02_NZ_TRANS.jpg\" title=\"<i>TransformatioN<\/i>\" data-caption=\"Nikola Zavi\u0161i\u0107\"><img decoding=\"async\" class=\"rsImg\" src=\"https:\/\/mpu.rs\/wp-content\/uploads\/2019\/06\/izlozbe-2019-pq2019-nacionalna-02_NZ_TRANS-811x540.jpg\" \/><div class=\"caption\"><p class=\"title\"><i>TransformatioN<\/i><\/p><p class=\"desc\">Nikola Zavi\u0161i\u0107<\/p><\/div><\/div><div class=\"slide\" href=\"https:\/\/mpu.rs\/wp-content\/uploads\/2019\/06\/izlozbe-2019-pq2019-nacionalna-03_NZ_TRANS.jpg\" title=\"<i>TransformatioN<\/i>\" data-caption=\"Nikola Zavi\u0161i\u0107\"><img decoding=\"async\" class=\"rsImg\" src=\"https:\/\/mpu.rs\/wp-content\/uploads\/2019\/06\/izlozbe-2019-pq2019-nacionalna-03_NZ_TRANS-811x540.jpg\" \/><div class=\"caption\"><p class=\"title\"><i>TransformatioN<\/i><\/p><p class=\"desc\">Nikola Zavi\u0161i\u0107<\/p><\/div><\/div><div class=\"slide\" href=\"https:\/\/mpu.rs\/wp-content\/uploads\/2019\/06\/izlozbe-2019-pq2019-nacionalna-03_NZ_Jonathan.jpg\" title=\"<i>The Flight of Jonathan<\/i>\" data-caption=\"Nikola Zavi\u0161i\u0107\"><img decoding=\"async\" class=\"rsImg\" src=\"https:\/\/mpu.rs\/wp-content\/uploads\/2019\/06\/izlozbe-2019-pq2019-nacionalna-03_NZ_Jonathan-811x540.jpg\" \/><div class=\"caption\"><p class=\"title\"><i>The Flight of Jonathan<\/i><\/p><p class=\"desc\">Nikola Zavi\u0161i\u0107<\/p><\/div><\/div><\/div><\/div>        <script>\n            jQuery(document).ready(function ($) {\n                var slider = $('.royal_slider_69f73ecea1a05');\n                slider.royalSlider({\n                    navigateByClick: false,\n                    allowCSS3: false,\n                    autoScaleSlider: false,\n                    autoHeight: false,\n                    controlNavigation: 'none',\n                    imageScaleMode: 'fit-if-smaller',\n                    imageScalePadding: 0,\n                    arrowsNavAutoHide: false,\n                    transitionType: 'fade',\n                    imageAlignCenter: false,\n                    transitionSpeed: 200,\n                    loop: true,\n                    autoPlay: {\n                        enabled: true,\n                        pauseOnHover: false,\n                        delay: 5000\n                    }\n                });\n                var slider_api = slider.data('royalSlider');\n                slider_api.slides[0].holder.on('rsAfterContentSet', function () {\n                    slider.addClass('started');\n                });\n\n                $('.royal_slider_69f73ecea1a05').on('click', '.rsImg', function () {\n                    $.magnificPopup.open({\n                        items: [{\"src\":\"https:\\\/\\\/mpu.rs\\\/wp-content\\\/uploads\\\/2019\\\/06\\\/izlozbe-2019-pq2019-nacionalna-02_NZ_TRANS.jpg\",\"type\":\"image\",\"title\":\"<i>TransformatioN<\\\/i><small>Nikola Zavi\\u0161i\\u0107<\\\/small>\"},{\"src\":\"https:\\\/\\\/mpu.rs\\\/wp-content\\\/uploads\\\/2019\\\/06\\\/izlozbe-2019-pq2019-nacionalna-03_NZ_TRANS.jpg\",\"type\":\"image\",\"title\":\"<i>TransformatioN<\\\/i><small>Nikola Zavi\\u0161i\\u0107<\\\/small>\"},{\"src\":\"https:\\\/\\\/mpu.rs\\\/wp-content\\\/uploads\\\/2019\\\/06\\\/izlozbe-2019-pq2019-nacionalna-03_NZ_Jonathan.jpg\",\"type\":\"image\",\"title\":\"<i>The Flight of Jonathan<\\\/i><small>Nikola Zavi\\u0161i\\u0107<\\\/small>\"}],\n                        type: 'image',\n                        tLoading: 'Loading image #%curr%...',\n                        gallery: {\n                            enabled: true,\n                            navigateByImgClick: true,\n                            preload: [0, 1] \/\/ Will preload 0 - before current, and 1 after the current image\n                        },\n                        image: {\n                            tError: 'Loading failed',\n                            titleSrc: function (item) {\n                                console.log(item);\n                                \/*var title = '';\n                                 if (item.el.attr('title')) {\n                                 title = item.el.attr('title');\n                                 }\n                                 if (item.el.attr('data-caption')) {\n                                 title += ' <small>' + item.el.attr('data-caption') + '<\/small>';\n                                 }\n                                 return title;*\/\n                            }\n                        },\n                        callbacks: {\n                            open: function () {\n                                var mfp = jQuery.magnificPopup.instance;\n                                var proto = $.magnificPopup.proto;\n\n                                \/\/ extend function that moves to next item\n                                mfp.next = function () {\n                                    \/\/ if index is not last, call parent method\n                                    if (mfp.index < mfp.items.length - 1) {\n                                        proto.next.call(mfp);\n                                    } else {\n                                        mfp.close();\n                                    }\n                                };\n\n                                \/\/ same with prev method\n                                mfp.prev = function () {\n                                    if (mfp.index > 0) {\n                                        proto.prev.call(mfp);\n                                    } else {\n                                        mfp.close();\n                                    }\n                                };\n                                var current_slide = parseInt(slider.data('royalSlider').currSlide.id);\n                                mfp.goTo(current_slide);\n\n\n                                $('.mfp-wrap').swipe({\n                                    swipeLeft: function (event, direction, distance, duration, fingerCount) {\n                                        $(\".mfp-arrow-right\").magnificPopup(\"next\");\n                                    },\n                                    swipeRight: function () {\n                                        $(\".mfp-arrow-left\").magnificPopup(\"prev\");\n                                    },\n                                    threshold: 50\n                                });\n                            }\n                        }\n                    });\n                });\n            });\n        <\/script>\n        <div class=\"cm_text\"><\/p>\n<p><strong>01 Name of author\/applicant:<\/strong><\/p>\n<p>Nikola Zavi\u0161i\u0107<\/p>\n<p><strong>02 Category:<\/strong><\/p>\n<p>Light design<\/p>\n<p>***<\/p>\n<p><strong>03 Project title:<\/strong><\/p>\n<p><em>TransformatioN<\/em><\/p>\n<p><strong>04 Description (not exceeding 50 words):<\/strong><\/p>\n<p><em>TransformatioN<\/em> is an experimental puppet performance for youth and adult audience. Its genre is difficult to define since it functions on the borderline between theatre of objects, theatre of movement, figural theatre, Grand Guignol and audio-visual experimental spectacle. A director-designer duo establishes play as a method of their joint research work with a twenty-member performing ensemble in order to map new territories of the theatre language specific in its aesthetic, semantic and narrative potential.<\/p>\n<p><strong>05 Impressum (production, place, year, other authors of the team):<\/strong><\/p>\n<p>Krasnoyarsk Puppet Theatre (\u041a\u0440\u0430\u0441\u043d\u043e\u044f\u0440\u0441\u043a\u0438\u0439 \u0442\u0435\u0430\u0442\u0440 \u043a\u0443\u043a\u043e\u043b), Siberia, Russia, 2018; puppet, costume and stage design: Natalia Burnos (\u041d\u0430\u0442\u0430\u043b\u0438\u044f \u0411\u0443\u0440\u043d\u043e\u0441); script: Nikola Zavi\u0161i\u0107 and Natalia Burnos; music choice, light design and directing: Nikola Zavi\u0161i\u0107; performers: all members of the theatre ensemble<\/p>\n<p><strong>06 Photography:<\/strong><\/p>\n<p>***<\/p>\n<p><strong>03 Project title:<\/strong><\/p>\n<p><em>The Flight of Jonathan<\/em><\/p>\n<p><strong>04 Description (not exceeding 50 words):<\/strong><\/p>\n<p>The performance is the author&#8217;s response to the famous novel <em>Jonathan Livingston Seagull<\/em> by Richard Bach. The light functions as a dramatic element and element of the performance atmosphere. On the costume and stage design level, light points to their materiality. It functions as an indispensable part of the atmosphere, irrespective of whether it reflects off surfaces, or plays with them alchemically by means of three overhead projectors, lasers or lamps.<\/p>\n<p><strong>05 Impressum (production, place, year, other authors of the team):<\/strong><\/p>\n<p>Branko Mihaljevi\u0107 Children&#8217;s Theatre in Osijek (Osijek, Croatia, 2015); stage design: Irena Kralji\u0107; costume design: Maja Mirkovi\u0107, choreography: Dunja Joci\u0107, music: Willem Mili\u010devi\u0107 (composer), Edi \u0106eli\u0107, Lidija Kralji\u0107, \u0110or\u0111e Duki\u0107, Areta \u0106urkovi\u0107, Snje\u017eana Ivkovi\u0107, Mirel Huski\u0107 (performers)<\/p>\n<p><strong>06 Photography:<\/strong><\/p>\n<p>Marin Franov<\/p>\n<p>***<\/p>\n<p><strong>07 Biography:<\/strong><\/p>\n<p>Nikola Zavi\u0161i\u0107 is a director, dramaturg and light designer. His experience of assisting A. J. Weissbard, a light designer, on the performances directed by Robert Wilson (opera <em>Destiny<\/em> by Leo\u0161 Jan\u00e1\u010dek, The National Theatre, Prague), has permanently directed him towards researching the use of light in the theatre. He directed in Serbia, Slovenia, Montenegro, Bosnia and Herzegovina, Croatia, Russia, the Czech Republic, Germany and the Netherlands. He also received theatrical awards for his work at the following festivals: <em>Golden Lion<\/em> (Umag, Croatia), Meetings of Professional Theatres of Vojvodina, Meetings of Professional Puppet Theatres of Serbia, TIBA (Theatre International Belgrade Adventure) Festival, Festival of Theatre for Children (Kotor, Montenegro), ASSITEJ (International Association of Theatre for Children and Young People) Festival in Croatia (\u010cakovec, Croatia), \u201cStobi\u201d Antique Drama Festival (Macedonia), Theatre Fest \u201cPetar Ko\u010di\u0107\u201d (Banja Luka, Bosnia and Herzegovina) and Days of Comedy (Jagodina).<\/p>\n<p><\/div>[\/vc_column][\/vc_row]<\/p>\n<\/div>","protected":false},"excerpt":{"rendered":"<p>[vc_row][vc_column][\/vc_column][\/vc_row]<\/p>\n","protected":false},"author":2,"featured_media":0,"parent":0,"menu_order":0,"comment_status":"closed","ping_status":"closed","template":"","meta":{"footnotes":""},"acf":[],"yoast_head":"<!-- This site is optimized with the Yoast SEO plugin v21.8 - https:\/\/yoast.com\/wordpress\/plugins\/seo\/ -->\n<title>Prague Quadrennial of stage design and stage space 2019 - Nikola Zavi\u0161i\u0107 - \u041c\u0443\u0437\u0435\u0458 \u043f\u0440\u0438\u043c\u0435\u045a\u0435\u043d\u0435 \u0443\u043c\u0435\u0442\u043d\u043e\u0441\u0442\u0438 \u0411\u0435\u043e\u0433\u0440\u0430\u0434<\/title>\n<meta name=\"robots\" content=\"index, follow, max-snippet:-1, max-image-preview:large, max-video-preview:-1\" \/>\n<link rel=\"canonical\" href=\"https:\/\/mpu.rs\/en\/prague-quadrennial-of-stage-design-and-stage-space-2019-nikola-zavisic\/\" \/>\n<meta property=\"og:locale\" content=\"en_US\" \/>\n<meta property=\"og:type\" content=\"article\" \/>\n<meta property=\"og:title\" content=\"Prague Quadrennial of stage design and stage space 2019 - Nikola Zavi\u0161i\u0107 - \u041c\u0443\u0437\u0435\u0458 \u043f\u0440\u0438\u043c\u0435\u045a\u0435\u043d\u0435 \u0443\u043c\u0435\u0442\u043d\u043e\u0441\u0442\u0438 \u0411\u0435\u043e\u0433\u0440\u0430\u0434\" \/>\n<meta property=\"og:description\" content=\"[vc_row][vc_column][\/vc_column][\/vc_row]\" \/>\n<meta property=\"og:url\" content=\"https:\/\/mpu.rs\/en\/prague-quadrennial-of-stage-design-and-stage-space-2019-nikola-zavisic\/\" \/>\n<meta property=\"og:site_name\" content=\"\u041c\u0443\u0437\u0435\u0458 \u043f\u0440\u0438\u043c\u0435\u045a\u0435\u043d\u0435 \u0443\u043c\u0435\u0442\u043d\u043e\u0441\u0442\u0438 \u0411\u0435\u043e\u0433\u0440\u0430\u0434\" \/>\n<meta property=\"article:modified_time\" content=\"2019-06-04T09:13:45+00:00\" \/>\n<meta name=\"twitter:card\" content=\"summary_large_image\" \/>\n<meta name=\"twitter:label1\" content=\"Est. reading time\" \/>\n\t<meta name=\"twitter:data1\" content=\"2 minutes\" \/>\n<script type=\"application\/ld+json\" class=\"yoast-schema-graph\">{\"@context\":\"https:\/\/schema.org\",\"@graph\":[{\"@type\":\"WebPage\",\"@id\":\"https:\/\/mpu.rs\/en\/prague-quadrennial-of-stage-design-and-stage-space-2019-nikola-zavisic\/\",\"url\":\"https:\/\/mpu.rs\/en\/prague-quadrennial-of-stage-design-and-stage-space-2019-nikola-zavisic\/\",\"name\":\"Prague Quadrennial of stage design and stage space 2019 - Nikola Zavi\u0161i\u0107 - \u041c\u0443\u0437\u0435\u0458 \u043f\u0440\u0438\u043c\u0435\u045a\u0435\u043d\u0435 \u0443\u043c\u0435\u0442\u043d\u043e\u0441\u0442\u0438 \u0411\u0435\u043e\u0433\u0440\u0430\u0434\",\"isPartOf\":{\"@id\":\"https:\/\/mpu.rs\/#website\"},\"datePublished\":\"2019-06-03T21:54:55+00:00\",\"dateModified\":\"2019-06-04T09:13:45+00:00\",\"breadcrumb\":{\"@id\":\"https:\/\/mpu.rs\/en\/prague-quadrennial-of-stage-design-and-stage-space-2019-nikola-zavisic\/#breadcrumb\"},\"inLanguage\":\"en-US\",\"potentialAction\":[{\"@type\":\"ReadAction\",\"target\":[\"https:\/\/mpu.rs\/en\/prague-quadrennial-of-stage-design-and-stage-space-2019-nikola-zavisic\/\"]}]},{\"@type\":\"BreadcrumbList\",\"@id\":\"https:\/\/mpu.rs\/en\/prague-quadrennial-of-stage-design-and-stage-space-2019-nikola-zavisic\/#breadcrumb\",\"itemListElement\":[{\"@type\":\"ListItem\",\"position\":1,\"name\":\"Home\",\"item\":\"https:\/\/mpu.rs\/en\/\"},{\"@type\":\"ListItem\",\"position\":2,\"name\":\"Prague Quadrennial of stage design and stage space 2019 &#8211; Nikola Zavi\u0161i\u0107\"}]},{\"@type\":\"WebSite\",\"@id\":\"https:\/\/mpu.rs\/#website\",\"url\":\"https:\/\/mpu.rs\/\",\"name\":\"\u041c\u0443\u0437\u0435\u0458 \u043f\u0440\u0438\u043c\u0435\u045a\u0435\u043d\u0435 \u0443\u043c\u0435\u0442\u043d\u043e\u0441\u0442\u0438 \u0411\u0435\u043e\u0433\u0440\u0430\u0434\",\"description\":\"\u0423\u043c\u0435\u0442\u043d\u0438\u0447\u043a\u0438 \u043c\u0443\u0437\u0435\u0458 \u0441\u043f\u0435\u0446\u0438\u0458\u0430\u043b\u0438\u0437\u043e\u0432\u0430\u043d\u043e\u0433 \u0442\u0438\u043f\u0430. \u041e\u0441\u043d\u043e\u0432\u043d\u0430 \u0434\u0435\u043b\u0430\u0442\u043d\u043e\u0441\u0442 \u043c\u0443\u0437\u0435\u0458\u0430 \u0458\u0435 \u0434\u0430 \u0441\u0438\u0441\u0442\u0435\u043c\u0430\u0442\u0441\u043a\u0438 \u043f\u0440\u0438\u043a\u0443\u043f\u0459\u0430, \u0437\u0430\u0448\u0442\u0438\u045b\u0443\u0458\u0435, \u0447\u0443\u0432\u0430, \u043f\u0440\u043e\u0443\u0447\u0430\u0432\u0430, \u0438\u0437\u043b\u0430\u0436\u0435 \u0438 \u043f\u0443\u0431\u043b\u0438\u043a\u0443\u0458\u0435 \u043f\u0440\u0435\u0434\u043c\u0435\u0442\u0435 \u043f\u0440\u0438\u043c\u0435\u045a\u0435\u043d\u0435\",\"potentialAction\":[{\"@type\":\"SearchAction\",\"target\":{\"@type\":\"EntryPoint\",\"urlTemplate\":\"https:\/\/mpu.rs\/?s={search_term_string}\"},\"query-input\":\"required name=search_term_string\"}],\"inLanguage\":\"en-US\"}]}<\/script>\n<!-- \/ Yoast SEO plugin. -->","yoast_head_json":{"title":"Prague Quadrennial of stage design and stage space 2019 - Nikola Zavi\u0161i\u0107 - \u041c\u0443\u0437\u0435\u0458 \u043f\u0440\u0438\u043c\u0435\u045a\u0435\u043d\u0435 \u0443\u043c\u0435\u0442\u043d\u043e\u0441\u0442\u0438 \u0411\u0435\u043e\u0433\u0440\u0430\u0434","robots":{"index":"index","follow":"follow","max-snippet":"max-snippet:-1","max-image-preview":"max-image-preview:large","max-video-preview":"max-video-preview:-1"},"canonical":"https:\/\/mpu.rs\/en\/prague-quadrennial-of-stage-design-and-stage-space-2019-nikola-zavisic\/","og_locale":"en_US","og_type":"article","og_title":"Prague Quadrennial of stage design and stage space 2019 - Nikola Zavi\u0161i\u0107 - \u041c\u0443\u0437\u0435\u0458 \u043f\u0440\u0438\u043c\u0435\u045a\u0435\u043d\u0435 \u0443\u043c\u0435\u0442\u043d\u043e\u0441\u0442\u0438 \u0411\u0435\u043e\u0433\u0440\u0430\u0434","og_description":"[vc_row][vc_column][\/vc_column][\/vc_row]","og_url":"https:\/\/mpu.rs\/en\/prague-quadrennial-of-stage-design-and-stage-space-2019-nikola-zavisic\/","og_site_name":"\u041c\u0443\u0437\u0435\u0458 \u043f\u0440\u0438\u043c\u0435\u045a\u0435\u043d\u0435 \u0443\u043c\u0435\u0442\u043d\u043e\u0441\u0442\u0438 \u0411\u0435\u043e\u0433\u0440\u0430\u0434","article_modified_time":"2019-06-04T09:13:45+00:00","twitter_card":"summary_large_image","twitter_misc":{"Est. reading time":"2 minutes"},"schema":{"@context":"https:\/\/schema.org","@graph":[{"@type":"WebPage","@id":"https:\/\/mpu.rs\/en\/prague-quadrennial-of-stage-design-and-stage-space-2019-nikola-zavisic\/","url":"https:\/\/mpu.rs\/en\/prague-quadrennial-of-stage-design-and-stage-space-2019-nikola-zavisic\/","name":"Prague Quadrennial of stage design and stage space 2019 - Nikola Zavi\u0161i\u0107 - \u041c\u0443\u0437\u0435\u0458 \u043f\u0440\u0438\u043c\u0435\u045a\u0435\u043d\u0435 \u0443\u043c\u0435\u0442\u043d\u043e\u0441\u0442\u0438 \u0411\u0435\u043e\u0433\u0440\u0430\u0434","isPartOf":{"@id":"https:\/\/mpu.rs\/#website"},"datePublished":"2019-06-03T21:54:55+00:00","dateModified":"2019-06-04T09:13:45+00:00","breadcrumb":{"@id":"https:\/\/mpu.rs\/en\/prague-quadrennial-of-stage-design-and-stage-space-2019-nikola-zavisic\/#breadcrumb"},"inLanguage":"en-US","potentialAction":[{"@type":"ReadAction","target":["https:\/\/mpu.rs\/en\/prague-quadrennial-of-stage-design-and-stage-space-2019-nikola-zavisic\/"]}]},{"@type":"BreadcrumbList","@id":"https:\/\/mpu.rs\/en\/prague-quadrennial-of-stage-design-and-stage-space-2019-nikola-zavisic\/#breadcrumb","itemListElement":[{"@type":"ListItem","position":1,"name":"Home","item":"https:\/\/mpu.rs\/en\/"},{"@type":"ListItem","position":2,"name":"Prague Quadrennial of stage design and stage space 2019 &#8211; Nikola Zavi\u0161i\u0107"}]},{"@type":"WebSite","@id":"https:\/\/mpu.rs\/#website","url":"https:\/\/mpu.rs\/","name":"\u041c\u0443\u0437\u0435\u0458 \u043f\u0440\u0438\u043c\u0435\u045a\u0435\u043d\u0435 \u0443\u043c\u0435\u0442\u043d\u043e\u0441\u0442\u0438 \u0411\u0435\u043e\u0433\u0440\u0430\u0434","description":"\u0423\u043c\u0435\u0442\u043d\u0438\u0447\u043a\u0438 \u043c\u0443\u0437\u0435\u0458 \u0441\u043f\u0435\u0446\u0438\u0458\u0430\u043b\u0438\u0437\u043e\u0432\u0430\u043d\u043e\u0433 \u0442\u0438\u043f\u0430. \u041e\u0441\u043d\u043e\u0432\u043d\u0430 \u0434\u0435\u043b\u0430\u0442\u043d\u043e\u0441\u0442 \u043c\u0443\u0437\u0435\u0458\u0430 \u0458\u0435 \u0434\u0430 \u0441\u0438\u0441\u0442\u0435\u043c\u0430\u0442\u0441\u043a\u0438 \u043f\u0440\u0438\u043a\u0443\u043f\u0459\u0430, \u0437\u0430\u0448\u0442\u0438\u045b\u0443\u0458\u0435, \u0447\u0443\u0432\u0430, \u043f\u0440\u043e\u0443\u0447\u0430\u0432\u0430, \u0438\u0437\u043b\u0430\u0436\u0435 \u0438 \u043f\u0443\u0431\u043b\u0438\u043a\u0443\u0458\u0435 \u043f\u0440\u0435\u0434\u043c\u0435\u0442\u0435 \u043f\u0440\u0438\u043c\u0435\u045a\u0435\u043d\u0435","potentialAction":[{"@type":"SearchAction","target":{"@type":"EntryPoint","urlTemplate":"https:\/\/mpu.rs\/?s={search_term_string}"},"query-input":"required name=search_term_string"}],"inLanguage":"en-US"}]}},"_links":{"self":[{"href":"https:\/\/mpu.rs\/en\/wp-json\/wp\/v2\/pages\/15621"}],"collection":[{"href":"https:\/\/mpu.rs\/en\/wp-json\/wp\/v2\/pages"}],"about":[{"href":"https:\/\/mpu.rs\/en\/wp-json\/wp\/v2\/types\/page"}],"author":[{"embeddable":true,"href":"https:\/\/mpu.rs\/en\/wp-json\/wp\/v2\/users\/2"}],"replies":[{"embeddable":true,"href":"https:\/\/mpu.rs\/en\/wp-json\/wp\/v2\/comments?post=15621"}],"version-history":[{"count":0,"href":"https:\/\/mpu.rs\/en\/wp-json\/wp\/v2\/pages\/15621\/revisions"}],"wp:attachment":[{"href":"https:\/\/mpu.rs\/en\/wp-json\/wp\/v2\/media?parent=15621"}],"curies":[{"name":"wp","href":"https:\/\/api.w.org\/{rel}","templated":true}]}}