{"id":15623,"date":"2019-06-03T23:56:16","date_gmt":"2019-06-03T21:56:16","guid":{"rendered":"http:\/\/mpu.rs\/prague-quadrennial-of-stage-design-and-stage-space-2019-nikola-isakovic\/"},"modified":"2019-06-03T23:56:16","modified_gmt":"2019-06-03T21:56:16","slug":"prague-quadrennial-of-stage-design-and-stage-space-2019-nikola-isakovic","status":"publish","type":"page","link":"https:\/\/mpu.rs\/en\/prague-quadrennial-of-stage-design-and-stage-space-2019-nikola-isakovic\/","title":{"rendered":"Prague Quadrennial of stage design and stage space 2019 &#8211; Nikola Isakovi\u0107"},"content":{"rendered":"<div class=\"wpb-content-wrapper\"><p>[vc_row][vc_column]<div class=\"cm_slider\"><div class=\"content royal_slider_69f73e7dbcce6\"><div class=\"slide\" href=\"https:\/\/mpu.rs\/wp-content\/uploads\/2019\/06\/izlozbe-2019-pq2019-nacionalna-03_NI_Pokusajopisajednogradnogdana.jpg\" title=\"Performance <i>An Attempt to Describe a Working Day<\/i>, inspired by the poetry of Jacques Pr\u00e9vert\" data-caption=\"Nikola Isakovi\u0107\"><img decoding=\"async\" class=\"rsImg\" src=\"https:\/\/mpu.rs\/wp-content\/uploads\/2019\/06\/izlozbe-2019-pq2019-nacionalna-03_NI_Pokusajopisajednogradnogdana-720x540.jpg\" \/><div class=\"caption\"><p class=\"title\">Performance <i>An Attempt to Describe a Working Day<\/i>, inspired by the poetry of Jacques Pr\u00e9vert<\/p><p class=\"desc\">Nikola Isakovi\u0107<\/p><\/div><\/div><div class=\"slide\" href=\"https:\/\/mpu.rs\/wp-content\/uploads\/2019\/06\/izlozbe-2019-pq2019-nacionalna-Nikola-Isakovic-Pokusaj-opisa-jednog-radnog-dana-10-675x900.jpg\" title=\"Performance <i>An Attempt to Describe a Working Day<\/i>, inspired by the poetry of Jacques Pr\u00e9vert\" data-caption=\"Nikola Isakovi\u0107\"><img decoding=\"async\" class=\"rsImg\" src=\"https:\/\/mpu.rs\/wp-content\/uploads\/2019\/06\/izlozbe-2019-pq2019-nacionalna-Nikola-Isakovic-Pokusaj-opisa-jednog-radnog-dana-10-405x540.jpg\" \/><div class=\"caption\"><p class=\"title\">Performance <i>An Attempt to Describe a Working Day<\/i>, inspired by the poetry of Jacques Pr\u00e9vert<\/p><p class=\"desc\">Nikola Isakovi\u0107<\/p><\/div><\/div><div class=\"slide\" href=\"https:\/\/mpu.rs\/wp-content\/uploads\/2019\/06\/izlozbe-2019-pq2019-nacionalna-Nikola-Isakovic-Pokusaj-opisa-jednog-radnog-dana-20.jpg\" title=\"Performance <i>An Attempt to Describe a Working Day<\/i>, inspired by the poetry of Jacques Pr\u00e9vert\" data-caption=\"Nikola Isakovi\u0107\"><img decoding=\"async\" class=\"rsImg\" src=\"https:\/\/mpu.rs\/wp-content\/uploads\/2019\/06\/izlozbe-2019-pq2019-nacionalna-Nikola-Isakovic-Pokusaj-opisa-jednog-radnog-dana-20-764x540.jpg\" \/><div class=\"caption\"><p class=\"title\">Performance <i>An Attempt to Describe a Working Day<\/i>, inspired by the poetry of Jacques Pr\u00e9vert<\/p><p class=\"desc\">Nikola Isakovi\u0107<\/p><\/div><\/div><\/div><\/div>        <script>\n            jQuery(document).ready(function ($) {\n                var slider = $('.royal_slider_69f73e7dbcce6');\n                slider.royalSlider({\n                    navigateByClick: false,\n                    allowCSS3: false,\n                    autoScaleSlider: false,\n                    autoHeight: false,\n                    controlNavigation: 'none',\n                    imageScaleMode: 'fit-if-smaller',\n                    imageScalePadding: 0,\n                    arrowsNavAutoHide: false,\n                    transitionType: 'fade',\n                    imageAlignCenter: false,\n                    transitionSpeed: 200,\n                    loop: true,\n                    autoPlay: {\n                        enabled: true,\n                        pauseOnHover: false,\n                        delay: 5000\n                    }\n                });\n                var slider_api = slider.data('royalSlider');\n                slider_api.slides[0].holder.on('rsAfterContentSet', function () {\n                    slider.addClass('started');\n                });\n\n                $('.royal_slider_69f73e7dbcce6').on('click', '.rsImg', function () {\n                    $.magnificPopup.open({\n                        items: [{\"src\":\"https:\\\/\\\/mpu.rs\\\/wp-content\\\/uploads\\\/2019\\\/06\\\/izlozbe-2019-pq2019-nacionalna-03_NI_Pokusajopisajednogradnogdana.jpg\",\"type\":\"image\",\"title\":\"Performance <i>An Attempt to Describe a Working Day<\\\/i>, inspired by the poetry of Jacques Pr\\u00e9vert<small>Nikola Isakovi\\u0107<\\\/small>\"},{\"src\":\"https:\\\/\\\/mpu.rs\\\/wp-content\\\/uploads\\\/2019\\\/06\\\/izlozbe-2019-pq2019-nacionalna-Nikola-Isakovic-Pokusaj-opisa-jednog-radnog-dana-10-675x900.jpg\",\"type\":\"image\",\"title\":\"Performance <i>An Attempt to Describe a Working Day<\\\/i>, inspired by the poetry of Jacques Pr\\u00e9vert<small>Nikola Isakovi\\u0107<\\\/small>\"},{\"src\":\"https:\\\/\\\/mpu.rs\\\/wp-content\\\/uploads\\\/2019\\\/06\\\/izlozbe-2019-pq2019-nacionalna-Nikola-Isakovic-Pokusaj-opisa-jednog-radnog-dana-20.jpg\",\"type\":\"image\",\"title\":\"Performance <i>An Attempt to Describe a Working Day<\\\/i>, inspired by the poetry of Jacques Pr\\u00e9vert<small>Nikola Isakovi\\u0107<\\\/small>\"}],\n                        type: 'image',\n                        tLoading: 'Loading image #%curr%...',\n                        gallery: {\n                            enabled: true,\n                            navigateByImgClick: true,\n                            preload: [0, 1] \/\/ Will preload 0 - before current, and 1 after the current image\n                        },\n                        image: {\n                            tError: 'Loading failed',\n                            titleSrc: function (item) {\n                                console.log(item);\n                                \/*var title = '';\n                                 if (item.el.attr('title')) {\n                                 title = item.el.attr('title');\n                                 }\n                                 if (item.el.attr('data-caption')) {\n                                 title += ' <small>' + item.el.attr('data-caption') + '<\/small>';\n                                 }\n                                 return title;*\/\n                            }\n                        },\n                        callbacks: {\n                            open: function () {\n                                var mfp = jQuery.magnificPopup.instance;\n                                var proto = $.magnificPopup.proto;\n\n                                \/\/ extend function that moves to next item\n                                mfp.next = function () {\n                                    \/\/ if index is not last, call parent method\n                                    if (mfp.index < mfp.items.length - 1) {\n                                        proto.next.call(mfp);\n                                    } else {\n                                        mfp.close();\n                                    }\n                                };\n\n                                \/\/ same with prev method\n                                mfp.prev = function () {\n                                    if (mfp.index > 0) {\n                                        proto.prev.call(mfp);\n                                    } else {\n                                        mfp.close();\n                                    }\n                                };\n                                var current_slide = parseInt(slider.data('royalSlider').currSlide.id);\n                                mfp.goTo(current_slide);\n\n\n                                $('.mfp-wrap').swipe({\n                                    swipeLeft: function (event, direction, distance, duration, fingerCount) {\n                                        $(\".mfp-arrow-right\").magnificPopup(\"next\");\n                                    },\n                                    swipeRight: function () {\n                                        $(\".mfp-arrow-left\").magnificPopup(\"prev\");\n                                    },\n                                    threshold: 50\n                                });\n                            }\n                        }\n                    });\n                });\n            });\n        <\/script>\n        <div class=\"cm_text\"><\/p>\n<p><strong>01 Name of author\/applicant:<\/strong><\/p>\n<p>Nikola Isakovi\u0107<\/p>\n<p><strong>02 Role\/category:<\/strong><\/p>\n<p>Use of space for performance<\/p>\n<p><strong>03 Project title:<\/strong><\/p>\n<p>Performance <em>An Attempt to Describe a Working Day<\/em>, inspired by the poetry of Jacques Pr\u00e9vert<\/p>\n<p><strong>04 Description (not exceeding 50 words):<\/strong><\/p>\n<p>The performance is conceived as a museum walk through the class differences of a city environment described in the selected Jacques Pr\u00e9vert\u2019s poetry, where each exhibit, i.e. scene represents the city\u2019s everyday life whose atmosphere is conjured up by more than eighty actors, students, amateurs and children. It is realised in the space of the old sugar factory in part of which the KPGT Theatre is located.<\/p>\n<p><strong>05 Impressum (production, place, year, other authors of the team):<\/strong><\/p>\n<p>Independent production in cooperation with the \u201cKPGT\u201d Theatre and \u201cThe New Academy of Arts\u201d, Belgrade, 2018; mentor: Prof. Ljubi\u0161a Risti\u0107; production and organisation: Tara Dra\u0161kovi\u0107 and Milan Alivojvodi\u0107; associates in organisation: Anika Lehki and Nina Vukasovi\u0107; PR: Sara Arsenovi\u0107 and Marina Zec; actresses and actors: Aleksandra Jankovi\u0107, Sofija Juri\u010dan, \u010carni \u0110eri\u0107, Luka Piljagi\u0107, Milan Pjevi\u0107, Gorica Regodi\u0107, Jovana Nikoli\u0107, Magdi El Asrag, Dejana D\u017eini\u0107, etc. (and additional 50 amateur actors, theatre enthusiasts, students of art from different academies and thirty pupils of the Legal and Administration Secondary School \u201cDimitrije Davidovi\u0107\u201d and Elementary School \u201cGornja Varo\u0161\u201d from Zemun)<\/p>\n<p><strong>06 Photography:<\/strong><\/p>\n<p>Ksenija \u0106uk<\/p>\n<p><strong>07 Biography (not exceeding 100 words):<\/strong><\/p>\n<p>Nikola Isakovi\u0107 (1991) was born and lives in Belgrade. He graduated from the New Academy of Arts in Belgrade, in the class of Prof. Ljubi\u0161a Risti\u0107, the Department of Drama Arts \u2013 Directing, in 2018. His student production <em>(Non)Working Hours<\/em> was performed as part of accompanying programmes of a number of theatre festivals in Serbia, among which the most important are <em>Pozorje of the Young <\/em>and <em>Bitef Polyphony<\/em>. He also worked as an assistant director of the performances <em>Regime of Love<\/em>, <em>Creation of Man<\/em> and <em>Departure Terminal<\/em>. In his theatre work, he is often engaged in researching various forms of ambient, immersive and interactive theatre, which is most frequently reflected in the very selection of specific spaces and forms for his performances.<\/div>[\/vc_column][\/vc_row]<\/p>\n<\/div>","protected":false},"excerpt":{"rendered":"<p>[vc_row][vc_column][\/vc_column][\/vc_row]<\/p>\n","protected":false},"author":2,"featured_media":0,"parent":0,"menu_order":0,"comment_status":"closed","ping_status":"closed","template":"","meta":{"footnotes":""},"acf":[],"yoast_head":"<!-- This site is optimized with the Yoast SEO plugin v21.8 - https:\/\/yoast.com\/wordpress\/plugins\/seo\/ -->\n<title>Prague Quadrennial of stage design and stage space 2019 - Nikola Isakovi\u0107 - \u041c\u0443\u0437\u0435\u0458 \u043f\u0440\u0438\u043c\u0435\u045a\u0435\u043d\u0435 \u0443\u043c\u0435\u0442\u043d\u043e\u0441\u0442\u0438 \u0411\u0435\u043e\u0433\u0440\u0430\u0434<\/title>\n<meta name=\"robots\" content=\"index, follow, max-snippet:-1, max-image-preview:large, max-video-preview:-1\" \/>\n<link rel=\"canonical\" href=\"https:\/\/mpu.rs\/en\/prague-quadrennial-of-stage-design-and-stage-space-2019-nikola-isakovic\/\" \/>\n<meta property=\"og:locale\" content=\"en_US\" \/>\n<meta property=\"og:type\" content=\"article\" \/>\n<meta property=\"og:title\" content=\"Prague Quadrennial of stage design and stage space 2019 - Nikola Isakovi\u0107 - \u041c\u0443\u0437\u0435\u0458 \u043f\u0440\u0438\u043c\u0435\u045a\u0435\u043d\u0435 \u0443\u043c\u0435\u0442\u043d\u043e\u0441\u0442\u0438 \u0411\u0435\u043e\u0433\u0440\u0430\u0434\" \/>\n<meta property=\"og:description\" content=\"[vc_row][vc_column][\/vc_column][\/vc_row]\" \/>\n<meta property=\"og:url\" content=\"https:\/\/mpu.rs\/en\/prague-quadrennial-of-stage-design-and-stage-space-2019-nikola-isakovic\/\" \/>\n<meta property=\"og:site_name\" content=\"\u041c\u0443\u0437\u0435\u0458 \u043f\u0440\u0438\u043c\u0435\u045a\u0435\u043d\u0435 \u0443\u043c\u0435\u0442\u043d\u043e\u0441\u0442\u0438 \u0411\u0435\u043e\u0433\u0440\u0430\u0434\" \/>\n<meta name=\"twitter:card\" content=\"summary_large_image\" \/>\n<meta name=\"twitter:label1\" content=\"Est. reading time\" \/>\n\t<meta name=\"twitter:data1\" content=\"2 minutes\" \/>\n<script type=\"application\/ld+json\" class=\"yoast-schema-graph\">{\"@context\":\"https:\/\/schema.org\",\"@graph\":[{\"@type\":\"WebPage\",\"@id\":\"https:\/\/mpu.rs\/en\/prague-quadrennial-of-stage-design-and-stage-space-2019-nikola-isakovic\/\",\"url\":\"https:\/\/mpu.rs\/en\/prague-quadrennial-of-stage-design-and-stage-space-2019-nikola-isakovic\/\",\"name\":\"Prague Quadrennial of stage design and stage space 2019 - Nikola Isakovi\u0107 - \u041c\u0443\u0437\u0435\u0458 \u043f\u0440\u0438\u043c\u0435\u045a\u0435\u043d\u0435 \u0443\u043c\u0435\u0442\u043d\u043e\u0441\u0442\u0438 \u0411\u0435\u043e\u0433\u0440\u0430\u0434\",\"isPartOf\":{\"@id\":\"https:\/\/mpu.rs\/#website\"},\"datePublished\":\"2019-06-03T21:56:16+00:00\",\"dateModified\":\"2019-06-03T21:56:16+00:00\",\"breadcrumb\":{\"@id\":\"https:\/\/mpu.rs\/en\/prague-quadrennial-of-stage-design-and-stage-space-2019-nikola-isakovic\/#breadcrumb\"},\"inLanguage\":\"en-US\",\"potentialAction\":[{\"@type\":\"ReadAction\",\"target\":[\"https:\/\/mpu.rs\/en\/prague-quadrennial-of-stage-design-and-stage-space-2019-nikola-isakovic\/\"]}]},{\"@type\":\"BreadcrumbList\",\"@id\":\"https:\/\/mpu.rs\/en\/prague-quadrennial-of-stage-design-and-stage-space-2019-nikola-isakovic\/#breadcrumb\",\"itemListElement\":[{\"@type\":\"ListItem\",\"position\":1,\"name\":\"Home\",\"item\":\"https:\/\/mpu.rs\/en\/\"},{\"@type\":\"ListItem\",\"position\":2,\"name\":\"Prague Quadrennial of stage design and stage space 2019 &#8211; Nikola Isakovi\u0107\"}]},{\"@type\":\"WebSite\",\"@id\":\"https:\/\/mpu.rs\/#website\",\"url\":\"https:\/\/mpu.rs\/\",\"name\":\"\u041c\u0443\u0437\u0435\u0458 \u043f\u0440\u0438\u043c\u0435\u045a\u0435\u043d\u0435 \u0443\u043c\u0435\u0442\u043d\u043e\u0441\u0442\u0438 \u0411\u0435\u043e\u0433\u0440\u0430\u0434\",\"description\":\"\u0423\u043c\u0435\u0442\u043d\u0438\u0447\u043a\u0438 \u043c\u0443\u0437\u0435\u0458 \u0441\u043f\u0435\u0446\u0438\u0458\u0430\u043b\u0438\u0437\u043e\u0432\u0430\u043d\u043e\u0433 \u0442\u0438\u043f\u0430. \u041e\u0441\u043d\u043e\u0432\u043d\u0430 \u0434\u0435\u043b\u0430\u0442\u043d\u043e\u0441\u0442 \u043c\u0443\u0437\u0435\u0458\u0430 \u0458\u0435 \u0434\u0430 \u0441\u0438\u0441\u0442\u0435\u043c\u0430\u0442\u0441\u043a\u0438 \u043f\u0440\u0438\u043a\u0443\u043f\u0459\u0430, \u0437\u0430\u0448\u0442\u0438\u045b\u0443\u0458\u0435, \u0447\u0443\u0432\u0430, \u043f\u0440\u043e\u0443\u0447\u0430\u0432\u0430, \u0438\u0437\u043b\u0430\u0436\u0435 \u0438 \u043f\u0443\u0431\u043b\u0438\u043a\u0443\u0458\u0435 \u043f\u0440\u0435\u0434\u043c\u0435\u0442\u0435 \u043f\u0440\u0438\u043c\u0435\u045a\u0435\u043d\u0435\",\"potentialAction\":[{\"@type\":\"SearchAction\",\"target\":{\"@type\":\"EntryPoint\",\"urlTemplate\":\"https:\/\/mpu.rs\/?s={search_term_string}\"},\"query-input\":\"required name=search_term_string\"}],\"inLanguage\":\"en-US\"}]}<\/script>\n<!-- \/ Yoast SEO plugin. -->","yoast_head_json":{"title":"Prague Quadrennial of stage design and stage space 2019 - Nikola Isakovi\u0107 - \u041c\u0443\u0437\u0435\u0458 \u043f\u0440\u0438\u043c\u0435\u045a\u0435\u043d\u0435 \u0443\u043c\u0435\u0442\u043d\u043e\u0441\u0442\u0438 \u0411\u0435\u043e\u0433\u0440\u0430\u0434","robots":{"index":"index","follow":"follow","max-snippet":"max-snippet:-1","max-image-preview":"max-image-preview:large","max-video-preview":"max-video-preview:-1"},"canonical":"https:\/\/mpu.rs\/en\/prague-quadrennial-of-stage-design-and-stage-space-2019-nikola-isakovic\/","og_locale":"en_US","og_type":"article","og_title":"Prague Quadrennial of stage design and stage space 2019 - Nikola Isakovi\u0107 - \u041c\u0443\u0437\u0435\u0458 \u043f\u0440\u0438\u043c\u0435\u045a\u0435\u043d\u0435 \u0443\u043c\u0435\u0442\u043d\u043e\u0441\u0442\u0438 \u0411\u0435\u043e\u0433\u0440\u0430\u0434","og_description":"[vc_row][vc_column][\/vc_column][\/vc_row]","og_url":"https:\/\/mpu.rs\/en\/prague-quadrennial-of-stage-design-and-stage-space-2019-nikola-isakovic\/","og_site_name":"\u041c\u0443\u0437\u0435\u0458 \u043f\u0440\u0438\u043c\u0435\u045a\u0435\u043d\u0435 \u0443\u043c\u0435\u0442\u043d\u043e\u0441\u0442\u0438 \u0411\u0435\u043e\u0433\u0440\u0430\u0434","twitter_card":"summary_large_image","twitter_misc":{"Est. reading time":"2 minutes"},"schema":{"@context":"https:\/\/schema.org","@graph":[{"@type":"WebPage","@id":"https:\/\/mpu.rs\/en\/prague-quadrennial-of-stage-design-and-stage-space-2019-nikola-isakovic\/","url":"https:\/\/mpu.rs\/en\/prague-quadrennial-of-stage-design-and-stage-space-2019-nikola-isakovic\/","name":"Prague Quadrennial of stage design and stage space 2019 - Nikola Isakovi\u0107 - \u041c\u0443\u0437\u0435\u0458 \u043f\u0440\u0438\u043c\u0435\u045a\u0435\u043d\u0435 \u0443\u043c\u0435\u0442\u043d\u043e\u0441\u0442\u0438 \u0411\u0435\u043e\u0433\u0440\u0430\u0434","isPartOf":{"@id":"https:\/\/mpu.rs\/#website"},"datePublished":"2019-06-03T21:56:16+00:00","dateModified":"2019-06-03T21:56:16+00:00","breadcrumb":{"@id":"https:\/\/mpu.rs\/en\/prague-quadrennial-of-stage-design-and-stage-space-2019-nikola-isakovic\/#breadcrumb"},"inLanguage":"en-US","potentialAction":[{"@type":"ReadAction","target":["https:\/\/mpu.rs\/en\/prague-quadrennial-of-stage-design-and-stage-space-2019-nikola-isakovic\/"]}]},{"@type":"BreadcrumbList","@id":"https:\/\/mpu.rs\/en\/prague-quadrennial-of-stage-design-and-stage-space-2019-nikola-isakovic\/#breadcrumb","itemListElement":[{"@type":"ListItem","position":1,"name":"Home","item":"https:\/\/mpu.rs\/en\/"},{"@type":"ListItem","position":2,"name":"Prague Quadrennial of stage design and stage space 2019 &#8211; Nikola Isakovi\u0107"}]},{"@type":"WebSite","@id":"https:\/\/mpu.rs\/#website","url":"https:\/\/mpu.rs\/","name":"\u041c\u0443\u0437\u0435\u0458 \u043f\u0440\u0438\u043c\u0435\u045a\u0435\u043d\u0435 \u0443\u043c\u0435\u0442\u043d\u043e\u0441\u0442\u0438 \u0411\u0435\u043e\u0433\u0440\u0430\u0434","description":"\u0423\u043c\u0435\u0442\u043d\u0438\u0447\u043a\u0438 \u043c\u0443\u0437\u0435\u0458 \u0441\u043f\u0435\u0446\u0438\u0458\u0430\u043b\u0438\u0437\u043e\u0432\u0430\u043d\u043e\u0433 \u0442\u0438\u043f\u0430. \u041e\u0441\u043d\u043e\u0432\u043d\u0430 \u0434\u0435\u043b\u0430\u0442\u043d\u043e\u0441\u0442 \u043c\u0443\u0437\u0435\u0458\u0430 \u0458\u0435 \u0434\u0430 \u0441\u0438\u0441\u0442\u0435\u043c\u0430\u0442\u0441\u043a\u0438 \u043f\u0440\u0438\u043a\u0443\u043f\u0459\u0430, \u0437\u0430\u0448\u0442\u0438\u045b\u0443\u0458\u0435, \u0447\u0443\u0432\u0430, \u043f\u0440\u043e\u0443\u0447\u0430\u0432\u0430, \u0438\u0437\u043b\u0430\u0436\u0435 \u0438 \u043f\u0443\u0431\u043b\u0438\u043a\u0443\u0458\u0435 \u043f\u0440\u0435\u0434\u043c\u0435\u0442\u0435 \u043f\u0440\u0438\u043c\u0435\u045a\u0435\u043d\u0435","potentialAction":[{"@type":"SearchAction","target":{"@type":"EntryPoint","urlTemplate":"https:\/\/mpu.rs\/?s={search_term_string}"},"query-input":"required name=search_term_string"}],"inLanguage":"en-US"}]}},"_links":{"self":[{"href":"https:\/\/mpu.rs\/en\/wp-json\/wp\/v2\/pages\/15623"}],"collection":[{"href":"https:\/\/mpu.rs\/en\/wp-json\/wp\/v2\/pages"}],"about":[{"href":"https:\/\/mpu.rs\/en\/wp-json\/wp\/v2\/types\/page"}],"author":[{"embeddable":true,"href":"https:\/\/mpu.rs\/en\/wp-json\/wp\/v2\/users\/2"}],"replies":[{"embeddable":true,"href":"https:\/\/mpu.rs\/en\/wp-json\/wp\/v2\/comments?post=15623"}],"version-history":[{"count":0,"href":"https:\/\/mpu.rs\/en\/wp-json\/wp\/v2\/pages\/15623\/revisions"}],"wp:attachment":[{"href":"https:\/\/mpu.rs\/en\/wp-json\/wp\/v2\/media?parent=15623"}],"curies":[{"name":"wp","href":"https:\/\/api.w.org\/{rel}","templated":true}]}}