{"id":9119,"date":"2017-02-22T22:08:32","date_gmt":"2017-02-22T21:08:32","guid":{"rendered":"http:\/\/mpu.rs\/departments-with-collections\/odsek-za-keramiku-porcelan-i-staklo\/"},"modified":"2024-01-04T19:50:43","modified_gmt":"2024-01-04T18:50:43","slug":"ceramics-glass-and-porcelain","status":"publish","type":"page","link":"https:\/\/mpu.rs\/en\/ceramics-glass-and-porcelain\/","title":{"rendered":"CERAMICS, GLASS AND PORCELAIN"},"content":{"rendered":"<div class=\"wpb-content-wrapper\"><p>[vc_row][vc_column]<div class=\"cm_text\">The Collection of Ceramics, Glass and Porcelain follows the history of ceramic and glass production of Europe and the Orient from the first centuries A.D. to the 20<sup>th<\/sup> century. By providing an insight into the diversity of materials and decorative techniques, the Collection points to the history of the design of objects used in our region. In addition to archaeological glass from the beginning of the era, the Collection also preserves the objects from important European glass workshops, while the significant part of them follows the development of national glass production. The Collection also keeps the items from local ceramic workshops, and its important segment provides an insight into the diversity of European and Oriental ceramics: Italian majolica, European faience and stoneware, as well as items from Turkish and Persian workshops. The major part of the Collection follows the development of the European porcelain production through the items that point to the complexity of cultural lifestyle in our region. A special segment consists of the objects from new-age, Chinese and Japanese porcelain workshops.<\/p>\n<p>Curator: Jelena Vukadinovi\u0107, Curator<\/div><div class=\"cm_slider\"><div class=\"content royal_slider_69f708eb8fbb3\"><div class=\"slide\" href=\"https:\/\/mpu.rs\/wp-content\/uploads\/2018\/01\/zbirka-ces-2327-602x900.jpg\" title=\"Pitcher\" data-caption=\"Ottoman Empire, 17th century&lt;br&gt;\r\nMAA inv. no. 2327\"><img decoding=\"async\" class=\"rsImg\" src=\"https:\/\/mpu.rs\/wp-content\/uploads\/2018\/01\/zbirka-ces-2327-361x540.jpg\" \/><div class=\"caption\"><p class=\"title\">Pitcher<\/p><p class=\"desc\">Ottoman Empire, 17th century<br>\r\nMAA inv. no. 2327<\/p><\/div><\/div><div class=\"slide\" href=\"https:\/\/mpu.rs\/wp-content\/uploads\/2018\/01\/zbirka-ces-5147-602x900.jpg\" title=\"Ewer\" data-caption=\"Hungarian Kingdom, 1769&lt;br&gt;\r\nMAA inv. no. 5147\"><img decoding=\"async\" class=\"rsImg\" src=\"https:\/\/mpu.rs\/wp-content\/uploads\/2018\/01\/zbirka-ces-5147-361x540.jpg\" \/><div class=\"caption\"><p class=\"title\">Ewer<\/p><p class=\"desc\">Hungarian Kingdom, 1769<br>\r\nMAA inv. no. 5147<\/p><\/div><\/div><div class=\"slide\" href=\"https:\/\/mpu.rs\/wp-content\/uploads\/2018\/01\/zbirka-ces-8536.jpg\" title=\"Cup and Saucer\" data-caption=\"Porcelain manufactory Meissen, German Kingdom, 1745\u20131750&lt;br&gt;\r\nMAA inv. no. 8536\"><img decoding=\"async\" class=\"rsImg\" src=\"https:\/\/mpu.rs\/wp-content\/uploads\/2018\/01\/zbirka-ces-8536-807x540.jpg\" \/><div class=\"caption\"><p class=\"title\">Cup and Saucer<\/p><p class=\"desc\">Porcelain manufactory Meissen, German Kingdom, 1745\u20131750<br>\r\nMAA inv. no. 8536<\/p><\/div><\/div><div class=\"slide\" href=\"https:\/\/mpu.rs\/wp-content\/uploads\/2018\/01\/zbirka-ces-21395-612x900.jpg\" title=\"Bottle\" data-caption=\"Venice, 18th century&lt;br&gt;\r\nMAA inv. no. 21395\"><img decoding=\"async\" class=\"rsImg\" src=\"https:\/\/mpu.rs\/wp-content\/uploads\/2018\/01\/zbirka-ces-21395-367x540.jpg\" \/><div class=\"caption\"><p class=\"title\">Bottle<\/p><p class=\"desc\">Venice, 18th century<br>\r\nMAA inv. no. 21395<\/p><\/div><\/div><div class=\"slide\" href=\"https:\/\/mpu.rs\/wp-content\/uploads\/2018\/01\/zbirka-ces-21284.jpg\" title=\"Part of a Serving Set\" data-caption=\"Pirkenhammer porcelain factory, Brezova, 1890\u20131900, (belonged to the Court of the Obrenovi\u0107 Dynasty)&lt;br&gt;\r\nMAA inv. no. 21284\"><img decoding=\"async\" class=\"rsImg\" src=\"https:\/\/mpu.rs\/wp-content\/uploads\/2018\/01\/zbirka-ces-21284-807x540.jpg\" \/><div class=\"caption\"><p class=\"title\">Part of a Serving Set<\/p><p class=\"desc\">Pirkenhammer porcelain factory, Brezova, 1890\u20131900, (belonged to the Court of the Obrenovi\u0107 Dynasty)<br>\r\nMAA inv. no. 21284<\/p><\/div><\/div><div class=\"slide\" href=\"https:\/\/mpu.rs\/wp-content\/uploads\/2018\/01\/zbirka-ces-23281.jpg\" title=\"Serving Set\" data-caption=\"Glass factory of Avram Petronijevi\u0107, Jagodina, 1846\u20131852&lt;br&gt;\r\nMAA inv. no. 23281\"><img decoding=\"async\" class=\"rsImg\" src=\"https:\/\/mpu.rs\/wp-content\/uploads\/2018\/01\/zbirka-ces-23281-797x540.jpg\" \/><div class=\"caption\"><p class=\"title\">Serving Set<\/p><p class=\"desc\">Glass factory of Avram Petronijevi\u0107, Jagodina, 1846\u20131852<br>\r\nMAA inv. no. 23281<\/p><\/div><\/div><div class=\"slide\" href=\"https:\/\/mpu.rs\/wp-content\/uploads\/2018\/01\/zbirka-ces-5086-600x900.jpg\" title=\"Beaker\" data-caption=\"Lorenz Fuchs, Vienna, around 1840&lt;br&gt;\r\nMAA inv. no. 5086\"><img decoding=\"async\" class=\"rsImg\" src=\"https:\/\/mpu.rs\/wp-content\/uploads\/2018\/01\/zbirka-ces-5086-360x540.jpg\" \/><div class=\"caption\"><p class=\"title\">Beaker<\/p><p class=\"desc\">Lorenz Fuchs, Vienna, around 1840<br>\r\nMAA inv. no. 5086<\/p><\/div><\/div><div class=\"slide\" href=\"https:\/\/mpu.rs\/wp-content\/uploads\/2018\/01\/zbirka-ces-23276.jpg\" title=\"Beakers\" data-caption=\"\u0410ustro-Hungarian Monarchy, end of the 19th century&lt;br&gt;\r\nMAA inv. no. 23276\"><img decoding=\"async\" class=\"rsImg\" src=\"https:\/\/mpu.rs\/wp-content\/uploads\/2018\/01\/zbirka-ces-23276-742x540.jpg\" \/><div class=\"caption\"><p class=\"title\">Beakers<\/p><p class=\"desc\">\u0410ustro-Hungarian Monarchy, end of the 19th century<br>\r\nMAA inv. no. 23276<\/p><\/div><\/div><div class=\"slide\" href=\"https:\/\/mpu.rs\/wp-content\/uploads\/2018\/01\/zbirka-ces-14328-600x900.jpg\" title=\"Bottle\" data-caption=\"Glass factory of Nacko Jankovi\u0107, Jagodina, around 1900&lt;br&gt;\r\nMAA inv. no. 14328\"><img decoding=\"async\" class=\"rsImg\" src=\"https:\/\/mpu.rs\/wp-content\/uploads\/2018\/01\/zbirka-ces-14328-360x540.jpg\" \/><div class=\"caption\"><p class=\"title\">Bottle<\/p><p class=\"desc\">Glass factory of Nacko Jankovi\u0107, Jagodina, around 1900<br>\r\nMAA inv. no. 14328<\/p><\/div><\/div><div class=\"slide\" href=\"https:\/\/mpu.rs\/wp-content\/uploads\/2018\/01\/zbirka-ces-9233.jpg\" title=\"Decorative Plate\" data-caption=\"First Serbian workshop of Uro\u0161 \u010cavi\u0107, designed by Vladislav Titelbah, Velika Kikinda, 1904&lt;br&gt; \r\nMAA inv. no. 9233\"><img decoding=\"async\" class=\"rsImg\" src=\"https:\/\/mpu.rs\/wp-content\/uploads\/2018\/01\/zbirka-ces-9233-780x540.jpg\" \/><div class=\"caption\"><p class=\"title\">Decorative Plate<\/p><p class=\"desc\">First Serbian workshop of Uro\u0161 \u010cavi\u0107, designed by Vladislav Titelbah, Velika Kikinda, 1904<br> \r\nMAA inv. no. 9233<\/p><\/div><\/div><\/div><\/div>        <script>\n            jQuery(document).ready(function ($) {\n                var slider = $('.royal_slider_69f708eb8fbb3');\n                slider.royalSlider({\n                    navigateByClick: false,\n                    allowCSS3: false,\n                    autoScaleSlider: false,\n                    autoHeight: false,\n                    controlNavigation: 'none',\n                    imageScaleMode: 'fit-if-smaller',\n                    imageScalePadding: 0,\n                    arrowsNavAutoHide: false,\n                    transitionType: 'fade',\n                    imageAlignCenter: false,\n                    transitionSpeed: 200,\n                    loop: true,\n                    autoPlay: {\n                        enabled: true,\n                        pauseOnHover: false,\n                        delay: 5000\n                    }\n                });\n                var slider_api = slider.data('royalSlider');\n                slider_api.slides[0].holder.on('rsAfterContentSet', function () {\n                    slider.addClass('started');\n                });\n\n                $('.royal_slider_69f708eb8fbb3').on('click', '.rsImg', function () {\n                    $.magnificPopup.open({\n                        items: [{\"src\":\"https:\\\/\\\/mpu.rs\\\/wp-content\\\/uploads\\\/2018\\\/01\\\/zbirka-ces-2327-602x900.jpg\",\"type\":\"image\",\"title\":\"Pitcher<small>Ottoman Empire, 17th century<br>\\r\\nMAA inv. no. 2327<\\\/small>\"},{\"src\":\"https:\\\/\\\/mpu.rs\\\/wp-content\\\/uploads\\\/2018\\\/01\\\/zbirka-ces-5147-602x900.jpg\",\"type\":\"image\",\"title\":\"Ewer<small>Hungarian Kingdom, 1769<br>\\r\\nMAA inv. no. 5147<\\\/small>\"},{\"src\":\"https:\\\/\\\/mpu.rs\\\/wp-content\\\/uploads\\\/2018\\\/01\\\/zbirka-ces-8536.jpg\",\"type\":\"image\",\"title\":\"Cup and Saucer<small>Porcelain manufactory Meissen, German Kingdom, 1745\\u20131750<br>\\r\\nMAA inv. no. 8536<\\\/small>\"},{\"src\":\"https:\\\/\\\/mpu.rs\\\/wp-content\\\/uploads\\\/2018\\\/01\\\/zbirka-ces-21395-612x900.jpg\",\"type\":\"image\",\"title\":\"Bottle<small>Venice, 18th century<br>\\r\\nMAA inv. no. 21395<\\\/small>\"},{\"src\":\"https:\\\/\\\/mpu.rs\\\/wp-content\\\/uploads\\\/2018\\\/01\\\/zbirka-ces-21284.jpg\",\"type\":\"image\",\"title\":\"Part of a Serving Set<small>Pirkenhammer porcelain factory, Brezova, 1890\\u20131900, (belonged to the Court of the Obrenovi\\u0107 Dynasty)<br>\\r\\nMAA inv. no. 21284<\\\/small>\"},{\"src\":\"https:\\\/\\\/mpu.rs\\\/wp-content\\\/uploads\\\/2018\\\/01\\\/zbirka-ces-23281.jpg\",\"type\":\"image\",\"title\":\"Serving Set<small>Glass factory of Avram Petronijevi\\u0107, Jagodina, 1846\\u20131852<br>\\r\\nMAA inv. no. 23281<\\\/small>\"},{\"src\":\"https:\\\/\\\/mpu.rs\\\/wp-content\\\/uploads\\\/2018\\\/01\\\/zbirka-ces-5086-600x900.jpg\",\"type\":\"image\",\"title\":\"Beaker<small>Lorenz Fuchs, Vienna, around 1840<br>\\r\\nMAA inv. no. 5086<\\\/small>\"},{\"src\":\"https:\\\/\\\/mpu.rs\\\/wp-content\\\/uploads\\\/2018\\\/01\\\/zbirka-ces-23276.jpg\",\"type\":\"image\",\"title\":\"Beakers<small>\\u0410ustro-Hungarian Monarchy, end of the 19th century<br>\\r\\nMAA inv. no. 23276<\\\/small>\"},{\"src\":\"https:\\\/\\\/mpu.rs\\\/wp-content\\\/uploads\\\/2018\\\/01\\\/zbirka-ces-14328-600x900.jpg\",\"type\":\"image\",\"title\":\"Bottle<small>Glass factory of Nacko Jankovi\\u0107, Jagodina, around 1900<br>\\r\\nMAA inv. no. 14328<\\\/small>\"},{\"src\":\"https:\\\/\\\/mpu.rs\\\/wp-content\\\/uploads\\\/2018\\\/01\\\/zbirka-ces-9233.jpg\",\"type\":\"image\",\"title\":\"Decorative Plate<small>First Serbian workshop of Uro\\u0161 \\u010cavi\\u0107, designed by Vladislav Titelbah, Velika Kikinda, 1904<br> \\r\\nMAA inv. no. 9233<\\\/small>\"}],\n                        type: 'image',\n                        tLoading: 'Loading image #%curr%...',\n                        gallery: {\n                            enabled: true,\n                            navigateByImgClick: true,\n                            preload: [0, 1] \/\/ Will preload 0 - before current, and 1 after the current image\n                        },\n                        image: {\n                            tError: 'Loading failed',\n                            titleSrc: function (item) {\n                                console.log(item);\n                                \/*var title = '';\n                                 if (item.el.attr('title')) {\n                                 title = item.el.attr('title');\n                                 }\n                                 if (item.el.attr('data-caption')) {\n                                 title += ' <small>' + item.el.attr('data-caption') + '<\/small>';\n                                 }\n                                 return title;*\/\n                            }\n                        },\n                        callbacks: {\n                            open: function () {\n                                var mfp = jQuery.magnificPopup.instance;\n                                var proto = $.magnificPopup.proto;\n\n                                \/\/ extend function that moves to next item\n                                mfp.next = function () {\n                                    \/\/ if index is not last, call parent method\n                                    if (mfp.index < mfp.items.length - 1) {\n                                        proto.next.call(mfp);\n                                    } else {\n                                        mfp.close();\n                                    }\n                                };\n\n                                \/\/ same with prev method\n                                mfp.prev = function () {\n                                    if (mfp.index > 0) {\n                                        proto.prev.call(mfp);\n                                    } else {\n                                        mfp.close();\n                                    }\n                                };\n                                var current_slide = parseInt(slider.data('royalSlider').currSlide.id);\n                                mfp.goTo(current_slide);\n\n\n                                $('.mfp-wrap').swipe({\n                                    swipeLeft: function (event, direction, distance, duration, fingerCount) {\n                                        $(\".mfp-arrow-right\").magnificPopup(\"next\");\n                                    },\n                                    swipeRight: function () {\n                                        $(\".mfp-arrow-left\").magnificPopup(\"prev\");\n                                    },\n                                    threshold: 50\n                                });\n                            }\n                        }\n                    });\n                });\n            });\n        <\/script>\n        [\/vc_column][\/vc_row]<\/p>\n<\/div>","protected":false},"excerpt":{"rendered":"<p>[vc_row][vc_column][\/vc_column][\/vc_row]<\/p>\n","protected":false},"author":1,"featured_media":0,"parent":0,"menu_order":0,"comment_status":"closed","ping_status":"closed","template":"","meta":{"footnotes":""},"acf":[],"yoast_head":"<!-- This site is optimized with the Yoast SEO plugin v21.8 - https:\/\/yoast.com\/wordpress\/plugins\/seo\/ -->\n<title>CERAMICS, GLASS AND PORCELAIN - \u041c\u0443\u0437\u0435\u0458 \u043f\u0440\u0438\u043c\u0435\u045a\u0435\u043d\u0435 \u0443\u043c\u0435\u0442\u043d\u043e\u0441\u0442\u0438 \u0411\u0435\u043e\u0433\u0440\u0430\u0434<\/title>\n<meta name=\"robots\" content=\"index, follow, max-snippet:-1, max-image-preview:large, max-video-preview:-1\" \/>\n<link rel=\"canonical\" href=\"https:\/\/mpu.rs\/en\/ceramics-glass-and-porcelain\/\" \/>\n<meta property=\"og:locale\" content=\"en_US\" \/>\n<meta property=\"og:type\" content=\"article\" \/>\n<meta property=\"og:title\" content=\"CERAMICS, GLASS AND PORCELAIN - \u041c\u0443\u0437\u0435\u0458 \u043f\u0440\u0438\u043c\u0435\u045a\u0435\u043d\u0435 \u0443\u043c\u0435\u0442\u043d\u043e\u0441\u0442\u0438 \u0411\u0435\u043e\u0433\u0440\u0430\u0434\" \/>\n<meta property=\"og:description\" content=\"[vc_row][vc_column][\/vc_column][\/vc_row]\" \/>\n<meta property=\"og:url\" content=\"https:\/\/mpu.rs\/en\/ceramics-glass-and-porcelain\/\" \/>\n<meta property=\"og:site_name\" content=\"\u041c\u0443\u0437\u0435\u0458 \u043f\u0440\u0438\u043c\u0435\u045a\u0435\u043d\u0435 \u0443\u043c\u0435\u0442\u043d\u043e\u0441\u0442\u0438 \u0411\u0435\u043e\u0433\u0440\u0430\u0434\" \/>\n<meta property=\"article:modified_time\" content=\"2024-01-04T18:50:43+00:00\" \/>\n<meta name=\"twitter:card\" content=\"summary_large_image\" \/>\n<meta name=\"twitter:label1\" content=\"Est. reading time\" \/>\n\t<meta name=\"twitter:data1\" content=\"3 minutes\" \/>\n<script type=\"application\/ld+json\" class=\"yoast-schema-graph\">{\"@context\":\"https:\/\/schema.org\",\"@graph\":[{\"@type\":\"WebPage\",\"@id\":\"https:\/\/mpu.rs\/en\/ceramics-glass-and-porcelain\/\",\"url\":\"https:\/\/mpu.rs\/en\/ceramics-glass-and-porcelain\/\",\"name\":\"CERAMICS, GLASS AND PORCELAIN - \u041c\u0443\u0437\u0435\u0458 \u043f\u0440\u0438\u043c\u0435\u045a\u0435\u043d\u0435 \u0443\u043c\u0435\u0442\u043d\u043e\u0441\u0442\u0438 \u0411\u0435\u043e\u0433\u0440\u0430\u0434\",\"isPartOf\":{\"@id\":\"https:\/\/mpu.rs\/#website\"},\"datePublished\":\"2017-02-22T21:08:32+00:00\",\"dateModified\":\"2024-01-04T18:50:43+00:00\",\"breadcrumb\":{\"@id\":\"https:\/\/mpu.rs\/en\/ceramics-glass-and-porcelain\/#breadcrumb\"},\"inLanguage\":\"en-US\",\"potentialAction\":[{\"@type\":\"ReadAction\",\"target\":[\"https:\/\/mpu.rs\/en\/ceramics-glass-and-porcelain\/\"]}]},{\"@type\":\"BreadcrumbList\",\"@id\":\"https:\/\/mpu.rs\/en\/ceramics-glass-and-porcelain\/#breadcrumb\",\"itemListElement\":[{\"@type\":\"ListItem\",\"position\":1,\"name\":\"Home\",\"item\":\"https:\/\/mpu.rs\/en\/\"},{\"@type\":\"ListItem\",\"position\":2,\"name\":\"CERAMICS, GLASS AND PORCELAIN\"}]},{\"@type\":\"WebSite\",\"@id\":\"https:\/\/mpu.rs\/#website\",\"url\":\"https:\/\/mpu.rs\/\",\"name\":\"\u041c\u0443\u0437\u0435\u0458 \u043f\u0440\u0438\u043c\u0435\u045a\u0435\u043d\u0435 \u0443\u043c\u0435\u0442\u043d\u043e\u0441\u0442\u0438 \u0411\u0435\u043e\u0433\u0440\u0430\u0434\",\"description\":\"\u0423\u043c\u0435\u0442\u043d\u0438\u0447\u043a\u0438 \u043c\u0443\u0437\u0435\u0458 \u0441\u043f\u0435\u0446\u0438\u0458\u0430\u043b\u0438\u0437\u043e\u0432\u0430\u043d\u043e\u0433 \u0442\u0438\u043f\u0430. \u041e\u0441\u043d\u043e\u0432\u043d\u0430 \u0434\u0435\u043b\u0430\u0442\u043d\u043e\u0441\u0442 \u043c\u0443\u0437\u0435\u0458\u0430 \u0458\u0435 \u0434\u0430 \u0441\u0438\u0441\u0442\u0435\u043c\u0430\u0442\u0441\u043a\u0438 \u043f\u0440\u0438\u043a\u0443\u043f\u0459\u0430, \u0437\u0430\u0448\u0442\u0438\u045b\u0443\u0458\u0435, \u0447\u0443\u0432\u0430, \u043f\u0440\u043e\u0443\u0447\u0430\u0432\u0430, \u0438\u0437\u043b\u0430\u0436\u0435 \u0438 \u043f\u0443\u0431\u043b\u0438\u043a\u0443\u0458\u0435 \u043f\u0440\u0435\u0434\u043c\u0435\u0442\u0435 \u043f\u0440\u0438\u043c\u0435\u045a\u0435\u043d\u0435\",\"potentialAction\":[{\"@type\":\"SearchAction\",\"target\":{\"@type\":\"EntryPoint\",\"urlTemplate\":\"https:\/\/mpu.rs\/?s={search_term_string}\"},\"query-input\":\"required name=search_term_string\"}],\"inLanguage\":\"en-US\"}]}<\/script>\n<!-- \/ Yoast SEO plugin. -->","yoast_head_json":{"title":"CERAMICS, GLASS AND PORCELAIN - \u041c\u0443\u0437\u0435\u0458 \u043f\u0440\u0438\u043c\u0435\u045a\u0435\u043d\u0435 \u0443\u043c\u0435\u0442\u043d\u043e\u0441\u0442\u0438 \u0411\u0435\u043e\u0433\u0440\u0430\u0434","robots":{"index":"index","follow":"follow","max-snippet":"max-snippet:-1","max-image-preview":"max-image-preview:large","max-video-preview":"max-video-preview:-1"},"canonical":"https:\/\/mpu.rs\/en\/ceramics-glass-and-porcelain\/","og_locale":"en_US","og_type":"article","og_title":"CERAMICS, GLASS AND PORCELAIN - \u041c\u0443\u0437\u0435\u0458 \u043f\u0440\u0438\u043c\u0435\u045a\u0435\u043d\u0435 \u0443\u043c\u0435\u0442\u043d\u043e\u0441\u0442\u0438 \u0411\u0435\u043e\u0433\u0440\u0430\u0434","og_description":"[vc_row][vc_column][\/vc_column][\/vc_row]","og_url":"https:\/\/mpu.rs\/en\/ceramics-glass-and-porcelain\/","og_site_name":"\u041c\u0443\u0437\u0435\u0458 \u043f\u0440\u0438\u043c\u0435\u045a\u0435\u043d\u0435 \u0443\u043c\u0435\u0442\u043d\u043e\u0441\u0442\u0438 \u0411\u0435\u043e\u0433\u0440\u0430\u0434","article_modified_time":"2024-01-04T18:50:43+00:00","twitter_card":"summary_large_image","twitter_misc":{"Est. reading time":"3 minutes"},"schema":{"@context":"https:\/\/schema.org","@graph":[{"@type":"WebPage","@id":"https:\/\/mpu.rs\/en\/ceramics-glass-and-porcelain\/","url":"https:\/\/mpu.rs\/en\/ceramics-glass-and-porcelain\/","name":"CERAMICS, GLASS AND PORCELAIN - \u041c\u0443\u0437\u0435\u0458 \u043f\u0440\u0438\u043c\u0435\u045a\u0435\u043d\u0435 \u0443\u043c\u0435\u0442\u043d\u043e\u0441\u0442\u0438 \u0411\u0435\u043e\u0433\u0440\u0430\u0434","isPartOf":{"@id":"https:\/\/mpu.rs\/#website"},"datePublished":"2017-02-22T21:08:32+00:00","dateModified":"2024-01-04T18:50:43+00:00","breadcrumb":{"@id":"https:\/\/mpu.rs\/en\/ceramics-glass-and-porcelain\/#breadcrumb"},"inLanguage":"en-US","potentialAction":[{"@type":"ReadAction","target":["https:\/\/mpu.rs\/en\/ceramics-glass-and-porcelain\/"]}]},{"@type":"BreadcrumbList","@id":"https:\/\/mpu.rs\/en\/ceramics-glass-and-porcelain\/#breadcrumb","itemListElement":[{"@type":"ListItem","position":1,"name":"Home","item":"https:\/\/mpu.rs\/en\/"},{"@type":"ListItem","position":2,"name":"CERAMICS, GLASS AND PORCELAIN"}]},{"@type":"WebSite","@id":"https:\/\/mpu.rs\/#website","url":"https:\/\/mpu.rs\/","name":"\u041c\u0443\u0437\u0435\u0458 \u043f\u0440\u0438\u043c\u0435\u045a\u0435\u043d\u0435 \u0443\u043c\u0435\u0442\u043d\u043e\u0441\u0442\u0438 \u0411\u0435\u043e\u0433\u0440\u0430\u0434","description":"\u0423\u043c\u0435\u0442\u043d\u0438\u0447\u043a\u0438 \u043c\u0443\u0437\u0435\u0458 \u0441\u043f\u0435\u0446\u0438\u0458\u0430\u043b\u0438\u0437\u043e\u0432\u0430\u043d\u043e\u0433 \u0442\u0438\u043f\u0430. \u041e\u0441\u043d\u043e\u0432\u043d\u0430 \u0434\u0435\u043b\u0430\u0442\u043d\u043e\u0441\u0442 \u043c\u0443\u0437\u0435\u0458\u0430 \u0458\u0435 \u0434\u0430 \u0441\u0438\u0441\u0442\u0435\u043c\u0430\u0442\u0441\u043a\u0438 \u043f\u0440\u0438\u043a\u0443\u043f\u0459\u0430, \u0437\u0430\u0448\u0442\u0438\u045b\u0443\u0458\u0435, \u0447\u0443\u0432\u0430, \u043f\u0440\u043e\u0443\u0447\u0430\u0432\u0430, \u0438\u0437\u043b\u0430\u0436\u0435 \u0438 \u043f\u0443\u0431\u043b\u0438\u043a\u0443\u0458\u0435 \u043f\u0440\u0435\u0434\u043c\u0435\u0442\u0435 \u043f\u0440\u0438\u043c\u0435\u045a\u0435\u043d\u0435","potentialAction":[{"@type":"SearchAction","target":{"@type":"EntryPoint","urlTemplate":"https:\/\/mpu.rs\/?s={search_term_string}"},"query-input":"required name=search_term_string"}],"inLanguage":"en-US"}]}},"_links":{"self":[{"href":"https:\/\/mpu.rs\/en\/wp-json\/wp\/v2\/pages\/9119"}],"collection":[{"href":"https:\/\/mpu.rs\/en\/wp-json\/wp\/v2\/pages"}],"about":[{"href":"https:\/\/mpu.rs\/en\/wp-json\/wp\/v2\/types\/page"}],"author":[{"embeddable":true,"href":"https:\/\/mpu.rs\/en\/wp-json\/wp\/v2\/users\/1"}],"replies":[{"embeddable":true,"href":"https:\/\/mpu.rs\/en\/wp-json\/wp\/v2\/comments?post=9119"}],"version-history":[{"count":0,"href":"https:\/\/mpu.rs\/en\/wp-json\/wp\/v2\/pages\/9119\/revisions"}],"wp:attachment":[{"href":"https:\/\/mpu.rs\/en\/wp-json\/wp\/v2\/media?parent=9119"}],"curies":[{"name":"wp","href":"https:\/\/api.w.org\/{rel}","templated":true}]}}