{"id":9138,"date":"2017-02-25T18:03:54","date_gmt":"2017-02-25T17:03:54","guid":{"rendered":"http:\/\/mpu.rs\/departments-with-collections\/odsek-za-konzervaciju\/"},"modified":"2022-04-01T13:45:00","modified_gmt":"2022-04-01T11:45:00","slug":"department-of-conservation","status":"publish","type":"page","link":"https:\/\/mpu.rs\/en\/department-of-conservation\/","title":{"rendered":"DEPARTMENT OF CONSERVATION"},"content":{"rendered":"<div class=\"wpb-content-wrapper\"><p>[vc_row][vc_column]<div class=\"cm_text\"><\/p>\n<h2>Wood Conservation Workshop<\/h2>\n<p><strong> <span class=\"bold\">Milan Andri\u0107<\/span><\/strong>, Senior Wood Conservator<\/p>\n<p>The Conservation Department has a special workshop that also acts as a central museum workshop for the entire Serbia, for conservation and restoration of period furniture.<\/p>\n<p>Wood Conservation Laboratory provides services of conserving and restoring period furniture and objects of wood.<\/p>\n<p><span class=\"bold\">Contact telephone<\/span>: +381 11 2626 841, +381 11 2626 494<\/div><div class=\"cm_grid\"><div class=\"content magnific_popup_69f708eaed9b2\"><a href=\"https:\/\/mpu.rs\/wp-content\/uploads\/2017\/02\/1a_pre.jpg\" title=\"Before\" data-caption=\"\"><img decoding=\"async\" src=\"https:\/\/mpu.rs\/wp-content\/uploads\/2017\/02\/1a_pre-200x200.jpg\" \/><\/a><a href=\"https:\/\/mpu.rs\/wp-content\/uploads\/2017\/02\/1b_posle.jpg\" title=\"After\" data-caption=\"\"><img decoding=\"async\" src=\"https:\/\/mpu.rs\/wp-content\/uploads\/2017\/02\/1b_posle-200x200.jpg\" \/><\/a><\/div><\/div>        <script>\n            jQuery(document).ready(function ($) {\n                $('.magnific_popup_69f708eaed9b2').magnificPopup({\n                    delegate: 'a',\n                    type: 'image',\n                    tLoading: 'Loading image #%curr%...',\n                    gallery: {\n                        enabled: true,\n                        navigateByImgClick: true,\n                        preload: [0, 1] \/\/ Will preload 0 - before current, and 1 after the current image\n                    },\n                    image: {\n                        tError: 'Loading failed',\n                        titleSrc: function (item) {\n                            var title = '';\n                            if (item.el.attr('title')) {\n                                title = item.el.attr('title');\n                            }\n                            if (item.el.attr('data-caption')) {\n                                title += ' <small>' + item.el.attr('data-caption') + '<\/small>';\n                            }\n                            return title;\n                        }\n                    }\n                });\n            });\n        <\/script>\n        <div class=\"cm_grid\"><div class=\"content magnific_popup_69f708eaee925\"><a href=\"https:\/\/mpu.rs\/wp-content\/uploads\/2017\/02\/2a_pre.jpg\" title=\"Before\" data-caption=\"\"><img decoding=\"async\" src=\"https:\/\/mpu.rs\/wp-content\/uploads\/2017\/02\/2a_pre-200x200.jpg\" \/><\/a><a href=\"https:\/\/mpu.rs\/wp-content\/uploads\/2017\/02\/2b_posle.jpg\" title=\"After\" data-caption=\"\"><img decoding=\"async\" src=\"https:\/\/mpu.rs\/wp-content\/uploads\/2017\/02\/2b_posle-200x200.jpg\" \/><\/a><\/div><\/div>        <script>\n            jQuery(document).ready(function ($) {\n                $('.magnific_popup_69f708eaee925').magnificPopup({\n                    delegate: 'a',\n                    type: 'image',\n                    tLoading: 'Loading image #%curr%...',\n                    gallery: {\n                        enabled: true,\n                        navigateByImgClick: true,\n                        preload: [0, 1] \/\/ Will preload 0 - before current, and 1 after the current image\n                    },\n                    image: {\n                        tError: 'Loading failed',\n                        titleSrc: function (item) {\n                            var title = '';\n                            if (item.el.attr('title')) {\n                                title = item.el.attr('title');\n                            }\n                            if (item.el.attr('data-caption')) {\n                                title += ' <small>' + item.el.attr('data-caption') + '<\/small>';\n                            }\n                            return title;\n                        }\n                    }\n                });\n            });\n        <\/script>\n        <div class=\"cm_grid\"><div class=\"content magnific_popup_69f708eaef3bf\"><a href=\"https:\/\/mpu.rs\/wp-content\/uploads\/2017\/02\/3a_pre.jpg\" title=\"Before\" data-caption=\"\"><img decoding=\"async\" src=\"https:\/\/mpu.rs\/wp-content\/uploads\/2017\/02\/3a_pre-200x200.jpg\" \/><\/a><a href=\"https:\/\/mpu.rs\/wp-content\/uploads\/2017\/02\/3b_posle.jpg\" title=\"After\" data-caption=\"\"><img decoding=\"async\" src=\"https:\/\/mpu.rs\/wp-content\/uploads\/2017\/02\/3b_posle-200x200.jpg\" \/><\/a><\/div><\/div>        <script>\n            jQuery(document).ready(function ($) {\n                $('.magnific_popup_69f708eaef3bf').magnificPopup({\n                    delegate: 'a',\n                    type: 'image',\n                    tLoading: 'Loading image #%curr%...',\n                    gallery: {\n                        enabled: true,\n                        navigateByImgClick: true,\n                        preload: [0, 1] \/\/ Will preload 0 - before current, and 1 after the current image\n                    },\n                    image: {\n                        tError: 'Loading failed',\n                        titleSrc: function (item) {\n                            var title = '';\n                            if (item.el.attr('title')) {\n                                title = item.el.attr('title');\n                            }\n                            if (item.el.attr('data-caption')) {\n                                title += ' <small>' + item.el.attr('data-caption') + '<\/small>';\n                            }\n                            return title;\n                        }\n                    }\n                });\n            });\n        <\/script>\n        <div class=\"cm_text\"><\/p>\n<h2>Textile Conservation Workshop<\/h2>\n<p><strong>Bojana Vola\u0161,<\/strong> Textile Conservator<\/p>\n<p>Museum also possesses textile workshop.<\/p>\n<p>During 2011, a wedding dress from the collection of Department for Costume and Textiles was treated in the Textile Conservation Workshop. It is the dress worn in 1878 by Draga Kandi\u0107 at her wedding to Ljubomir Kova\u010devi\u0107, historian and politician. The dress was donated to the collection by their daughter Milica Raki\u0107, spouse of the poet and the diplomat Milan Raki\u0107.<br \/>\nThe conservation process consisted of taking the dress apart, mechanical cleaning, washing, drying, conservation of damaged areas, sawing the dress back to its original form and its preparation for the exhibition. The conservation was conducted by Marija Labudovi\u0107 Panteli\u0107, and professional and practical aid was offered by the conservators from Ethnographic Museum and The Central Institute for Conservation.<\/p>\n<p>The dress was displayed at the exhibition &#8220;Wedding Dresses in Serbia in the Second Half of the 19th and at the Beginning of the 20th Centuries, from the Collection of the Museum of Applied Art&#8221; held in the &#8220;Inkiostri&#8221; Gallery of the Museum, between September 22 and December 31, 2011.<\/div><div class=\"cm_grid\"><div class=\"content magnific_popup_69f708eaefcb8\"><a href=\"https:\/\/mpu.rs\/wp-content\/uploads\/2017\/02\/tekstil1.jpg\" title=\"\" data-caption=\"\"><img decoding=\"async\" src=\"https:\/\/mpu.rs\/wp-content\/uploads\/2017\/02\/tekstil1-200x200.jpg\" \/><\/a><a href=\"https:\/\/mpu.rs\/wp-content\/uploads\/2017\/02\/tekstil2.jpg\" title=\"\" data-caption=\"\"><img decoding=\"async\" src=\"https:\/\/mpu.rs\/wp-content\/uploads\/2017\/02\/tekstil2-200x200.jpg\" \/><\/a><a href=\"https:\/\/mpu.rs\/wp-content\/uploads\/2017\/02\/tekstil3.jpg\" title=\"\" data-caption=\"\"><img decoding=\"async\" src=\"https:\/\/mpu.rs\/wp-content\/uploads\/2017\/02\/tekstil3-200x200.jpg\" \/><\/a><a href=\"https:\/\/mpu.rs\/wp-content\/uploads\/2017\/02\/tekstil4.jpg\" title=\"\" data-caption=\"\"><img decoding=\"async\" src=\"https:\/\/mpu.rs\/wp-content\/uploads\/2017\/02\/tekstil4-200x200.jpg\" \/><\/a><\/div><\/div>        <script>\n            jQuery(document).ready(function ($) {\n                $('.magnific_popup_69f708eaefcb8').magnificPopup({\n                    delegate: 'a',\n                    type: 'image',\n                    tLoading: 'Loading image #%curr%...',\n                    gallery: {\n                        enabled: true,\n                        navigateByImgClick: true,\n                        preload: [0, 1] \/\/ Will preload 0 - before current, and 1 after the current image\n                    },\n                    image: {\n                        tError: 'Loading failed',\n                        titleSrc: function (item) {\n                            var title = '';\n                            if (item.el.attr('title')) {\n                                title = item.el.attr('title');\n                            }\n                            if (item.el.attr('data-caption')) {\n                                title += ' <small>' + item.el.attr('data-caption') + '<\/small>';\n                            }\n                            return title;\n                        }\n                    }\n                });\n            });\n        <\/script>\n        [\/vc_column][\/vc_row]<\/p>\n<\/div>","protected":false},"excerpt":{"rendered":"<p>[vc_row][vc_column][\/vc_column][\/vc_row]<\/p>\n","protected":false},"author":1,"featured_media":0,"parent":0,"menu_order":0,"comment_status":"closed","ping_status":"closed","template":"","meta":{"footnotes":""},"acf":[],"yoast_head":"<!-- This site is optimized with the Yoast SEO plugin v21.8 - https:\/\/yoast.com\/wordpress\/plugins\/seo\/ -->\n<title>DEPARTMENT OF CONSERVATION - \u041c\u0443\u0437\u0435\u0458 \u043f\u0440\u0438\u043c\u0435\u045a\u0435\u043d\u0435 \u0443\u043c\u0435\u0442\u043d\u043e\u0441\u0442\u0438 \u0411\u0435\u043e\u0433\u0440\u0430\u0434<\/title>\n<meta name=\"robots\" content=\"index, follow, max-snippet:-1, max-image-preview:large, max-video-preview:-1\" \/>\n<link rel=\"canonical\" href=\"https:\/\/mpu.rs\/en\/department-of-conservation\/\" \/>\n<meta property=\"og:locale\" content=\"en_US\" \/>\n<meta property=\"og:type\" content=\"article\" \/>\n<meta property=\"og:title\" content=\"DEPARTMENT OF CONSERVATION - \u041c\u0443\u0437\u0435\u0458 \u043f\u0440\u0438\u043c\u0435\u045a\u0435\u043d\u0435 \u0443\u043c\u0435\u0442\u043d\u043e\u0441\u0442\u0438 \u0411\u0435\u043e\u0433\u0440\u0430\u0434\" \/>\n<meta property=\"og:description\" content=\"[vc_row][vc_column][\/vc_column][\/vc_row]\" \/>\n<meta property=\"og:url\" content=\"https:\/\/mpu.rs\/en\/department-of-conservation\/\" \/>\n<meta property=\"og:site_name\" content=\"\u041c\u0443\u0437\u0435\u0458 \u043f\u0440\u0438\u043c\u0435\u045a\u0435\u043d\u0435 \u0443\u043c\u0435\u0442\u043d\u043e\u0441\u0442\u0438 \u0411\u0435\u043e\u0433\u0440\u0430\u0434\" \/>\n<meta property=\"article:modified_time\" content=\"2022-04-01T11:45:00+00:00\" \/>\n<meta name=\"twitter:card\" content=\"summary_large_image\" \/>\n<meta name=\"twitter:label1\" content=\"Est. reading time\" \/>\n\t<meta name=\"twitter:data1\" content=\"2 minutes\" \/>\n<script type=\"application\/ld+json\" class=\"yoast-schema-graph\">{\"@context\":\"https:\/\/schema.org\",\"@graph\":[{\"@type\":\"WebPage\",\"@id\":\"https:\/\/mpu.rs\/en\/department-of-conservation\/\",\"url\":\"https:\/\/mpu.rs\/en\/department-of-conservation\/\",\"name\":\"DEPARTMENT OF CONSERVATION - \u041c\u0443\u0437\u0435\u0458 \u043f\u0440\u0438\u043c\u0435\u045a\u0435\u043d\u0435 \u0443\u043c\u0435\u0442\u043d\u043e\u0441\u0442\u0438 \u0411\u0435\u043e\u0433\u0440\u0430\u0434\",\"isPartOf\":{\"@id\":\"https:\/\/mpu.rs\/#website\"},\"datePublished\":\"2017-02-25T17:03:54+00:00\",\"dateModified\":\"2022-04-01T11:45:00+00:00\",\"breadcrumb\":{\"@id\":\"https:\/\/mpu.rs\/en\/department-of-conservation\/#breadcrumb\"},\"inLanguage\":\"en-US\",\"potentialAction\":[{\"@type\":\"ReadAction\",\"target\":[\"https:\/\/mpu.rs\/en\/department-of-conservation\/\"]}]},{\"@type\":\"BreadcrumbList\",\"@id\":\"https:\/\/mpu.rs\/en\/department-of-conservation\/#breadcrumb\",\"itemListElement\":[{\"@type\":\"ListItem\",\"position\":1,\"name\":\"Home\",\"item\":\"https:\/\/mpu.rs\/en\/\"},{\"@type\":\"ListItem\",\"position\":2,\"name\":\"DEPARTMENT OF CONSERVATION\"}]},{\"@type\":\"WebSite\",\"@id\":\"https:\/\/mpu.rs\/#website\",\"url\":\"https:\/\/mpu.rs\/\",\"name\":\"\u041c\u0443\u0437\u0435\u0458 \u043f\u0440\u0438\u043c\u0435\u045a\u0435\u043d\u0435 \u0443\u043c\u0435\u0442\u043d\u043e\u0441\u0442\u0438 \u0411\u0435\u043e\u0433\u0440\u0430\u0434\",\"description\":\"\u0423\u043c\u0435\u0442\u043d\u0438\u0447\u043a\u0438 \u043c\u0443\u0437\u0435\u0458 \u0441\u043f\u0435\u0446\u0438\u0458\u0430\u043b\u0438\u0437\u043e\u0432\u0430\u043d\u043e\u0433 \u0442\u0438\u043f\u0430. \u041e\u0441\u043d\u043e\u0432\u043d\u0430 \u0434\u0435\u043b\u0430\u0442\u043d\u043e\u0441\u0442 \u043c\u0443\u0437\u0435\u0458\u0430 \u0458\u0435 \u0434\u0430 \u0441\u0438\u0441\u0442\u0435\u043c\u0430\u0442\u0441\u043a\u0438 \u043f\u0440\u0438\u043a\u0443\u043f\u0459\u0430, \u0437\u0430\u0448\u0442\u0438\u045b\u0443\u0458\u0435, \u0447\u0443\u0432\u0430, \u043f\u0440\u043e\u0443\u0447\u0430\u0432\u0430, \u0438\u0437\u043b\u0430\u0436\u0435 \u0438 \u043f\u0443\u0431\u043b\u0438\u043a\u0443\u0458\u0435 \u043f\u0440\u0435\u0434\u043c\u0435\u0442\u0435 \u043f\u0440\u0438\u043c\u0435\u045a\u0435\u043d\u0435\",\"potentialAction\":[{\"@type\":\"SearchAction\",\"target\":{\"@type\":\"EntryPoint\",\"urlTemplate\":\"https:\/\/mpu.rs\/?s={search_term_string}\"},\"query-input\":\"required name=search_term_string\"}],\"inLanguage\":\"en-US\"}]}<\/script>\n<!-- \/ Yoast SEO plugin. -->","yoast_head_json":{"title":"DEPARTMENT OF CONSERVATION - \u041c\u0443\u0437\u0435\u0458 \u043f\u0440\u0438\u043c\u0435\u045a\u0435\u043d\u0435 \u0443\u043c\u0435\u0442\u043d\u043e\u0441\u0442\u0438 \u0411\u0435\u043e\u0433\u0440\u0430\u0434","robots":{"index":"index","follow":"follow","max-snippet":"max-snippet:-1","max-image-preview":"max-image-preview:large","max-video-preview":"max-video-preview:-1"},"canonical":"https:\/\/mpu.rs\/en\/department-of-conservation\/","og_locale":"en_US","og_type":"article","og_title":"DEPARTMENT OF CONSERVATION - \u041c\u0443\u0437\u0435\u0458 \u043f\u0440\u0438\u043c\u0435\u045a\u0435\u043d\u0435 \u0443\u043c\u0435\u0442\u043d\u043e\u0441\u0442\u0438 \u0411\u0435\u043e\u0433\u0440\u0430\u0434","og_description":"[vc_row][vc_column][\/vc_column][\/vc_row]","og_url":"https:\/\/mpu.rs\/en\/department-of-conservation\/","og_site_name":"\u041c\u0443\u0437\u0435\u0458 \u043f\u0440\u0438\u043c\u0435\u045a\u0435\u043d\u0435 \u0443\u043c\u0435\u0442\u043d\u043e\u0441\u0442\u0438 \u0411\u0435\u043e\u0433\u0440\u0430\u0434","article_modified_time":"2022-04-01T11:45:00+00:00","twitter_card":"summary_large_image","twitter_misc":{"Est. reading time":"2 minutes"},"schema":{"@context":"https:\/\/schema.org","@graph":[{"@type":"WebPage","@id":"https:\/\/mpu.rs\/en\/department-of-conservation\/","url":"https:\/\/mpu.rs\/en\/department-of-conservation\/","name":"DEPARTMENT OF CONSERVATION - \u041c\u0443\u0437\u0435\u0458 \u043f\u0440\u0438\u043c\u0435\u045a\u0435\u043d\u0435 \u0443\u043c\u0435\u0442\u043d\u043e\u0441\u0442\u0438 \u0411\u0435\u043e\u0433\u0440\u0430\u0434","isPartOf":{"@id":"https:\/\/mpu.rs\/#website"},"datePublished":"2017-02-25T17:03:54+00:00","dateModified":"2022-04-01T11:45:00+00:00","breadcrumb":{"@id":"https:\/\/mpu.rs\/en\/department-of-conservation\/#breadcrumb"},"inLanguage":"en-US","potentialAction":[{"@type":"ReadAction","target":["https:\/\/mpu.rs\/en\/department-of-conservation\/"]}]},{"@type":"BreadcrumbList","@id":"https:\/\/mpu.rs\/en\/department-of-conservation\/#breadcrumb","itemListElement":[{"@type":"ListItem","position":1,"name":"Home","item":"https:\/\/mpu.rs\/en\/"},{"@type":"ListItem","position":2,"name":"DEPARTMENT OF CONSERVATION"}]},{"@type":"WebSite","@id":"https:\/\/mpu.rs\/#website","url":"https:\/\/mpu.rs\/","name":"\u041c\u0443\u0437\u0435\u0458 \u043f\u0440\u0438\u043c\u0435\u045a\u0435\u043d\u0435 \u0443\u043c\u0435\u0442\u043d\u043e\u0441\u0442\u0438 \u0411\u0435\u043e\u0433\u0440\u0430\u0434","description":"\u0423\u043c\u0435\u0442\u043d\u0438\u0447\u043a\u0438 \u043c\u0443\u0437\u0435\u0458 \u0441\u043f\u0435\u0446\u0438\u0458\u0430\u043b\u0438\u0437\u043e\u0432\u0430\u043d\u043e\u0433 \u0442\u0438\u043f\u0430. \u041e\u0441\u043d\u043e\u0432\u043d\u0430 \u0434\u0435\u043b\u0430\u0442\u043d\u043e\u0441\u0442 \u043c\u0443\u0437\u0435\u0458\u0430 \u0458\u0435 \u0434\u0430 \u0441\u0438\u0441\u0442\u0435\u043c\u0430\u0442\u0441\u043a\u0438 \u043f\u0440\u0438\u043a\u0443\u043f\u0459\u0430, \u0437\u0430\u0448\u0442\u0438\u045b\u0443\u0458\u0435, \u0447\u0443\u0432\u0430, \u043f\u0440\u043e\u0443\u0447\u0430\u0432\u0430, \u0438\u0437\u043b\u0430\u0436\u0435 \u0438 \u043f\u0443\u0431\u043b\u0438\u043a\u0443\u0458\u0435 \u043f\u0440\u0435\u0434\u043c\u0435\u0442\u0435 \u043f\u0440\u0438\u043c\u0435\u045a\u0435\u043d\u0435","potentialAction":[{"@type":"SearchAction","target":{"@type":"EntryPoint","urlTemplate":"https:\/\/mpu.rs\/?s={search_term_string}"},"query-input":"required name=search_term_string"}],"inLanguage":"en-US"}]}},"_links":{"self":[{"href":"https:\/\/mpu.rs\/en\/wp-json\/wp\/v2\/pages\/9138"}],"collection":[{"href":"https:\/\/mpu.rs\/en\/wp-json\/wp\/v2\/pages"}],"about":[{"href":"https:\/\/mpu.rs\/en\/wp-json\/wp\/v2\/types\/page"}],"author":[{"embeddable":true,"href":"https:\/\/mpu.rs\/en\/wp-json\/wp\/v2\/users\/1"}],"replies":[{"embeddable":true,"href":"https:\/\/mpu.rs\/en\/wp-json\/wp\/v2\/comments?post=9138"}],"version-history":[{"count":0,"href":"https:\/\/mpu.rs\/en\/wp-json\/wp\/v2\/pages\/9138\/revisions"}],"wp:attachment":[{"href":"https:\/\/mpu.rs\/en\/wp-json\/wp\/v2\/media?parent=9138"}],"curies":[{"name":"wp","href":"https:\/\/api.w.org\/{rel}","templated":true}]}}