{"id":9437,"date":"2017-02-13T22:41:08","date_gmt":"2017-02-13T21:41:08","guid":{"rendered":"http:\/\/mpu.rs\/o-muzeju\/"},"modified":"2024-05-24T11:04:32","modified_gmt":"2024-05-24T09:04:32","slug":"about-museum","status":"publish","type":"page","link":"https:\/\/mpu.rs\/en\/about-museum\/","title":{"rendered":"ABOUT MUSEUM"},"content":{"rendered":"<div class=\"wpb-content-wrapper\"><p>[vc_row][vc_column]<div class=\"cm_image\"><div class=\"content magnific_popup_69f700e8c0fce\"><a href=\"https:\/\/mpu.rs\/wp-content\/uploads\/2017\/02\/zgrada-mpu-01.jpg\" title=\"Museum of Applied Art\" data-caption=\"Belgrade\"><img decoding=\"async\" src=\"https:\/\/mpu.rs\/wp-content\/uploads\/2017\/02\/zgrada-mpu-01.jpg\" \/><div class=\"caption\"><p class=\"title\">Museum of Applied Art<\/p><p class=\"desc\">Belgrade<\/p><\/div><\/a><\/div><\/div>    <script>\r\n        jQuery(document).ready(function ($) {\r\n            $('.magnific_popup_69f700e8c0fce').magnificPopup({\r\n                delegate: 'a',\r\n                type: 'image',\r\n                tLoading: 'Loading image #%curr%...',\r\n                gallery: {\r\n                    enabled: true,\r\n                    navigateByImgClick: true,\r\n                    preload: [0, 1] \/\/ Will preload 0 - before current, and 1 after the current image\r\n                },\r\n                image: {\r\n                    tError: 'Loading failed',\r\n                    titleSrc: function (item) {\r\n                        var title = '';\r\n                        if (item.el.attr('title')) {\r\n                            title = item.el.attr('title');\r\n                        }\r\n                        if (item.el.attr('data-caption')) {\r\n                            title += ' <small>' + item.el.attr('data-caption') + '<\/small>';\r\n                        }\r\n                        return title;\r\n                    }\r\n                }\r\n            });\r\n        });\r\n    <\/script>\r\n    <div class=\"cm_text\"><\/p>\n<p style=\"text-align: left;\"><strong>The Museum of Applied Art (MAA)<\/strong>, founded on 6 November 1950, is the parent institution for applied art on the territory of the Republic of Serbia. In the seven current art collections, national and international applied art and design are long established, and in concert with historical trends and tradition, an active relationship towards contemporary art practices is nurtured.<\/p>\n<p style=\"text-align: left;\">It is an interesting fact that for the forming of its first collection, the Museum had purchased an extraordinarily valuable collection of over 3,000 various artistically processed items collected by the painter and printmaker Ljuba Ivanovi\u0107 over the course of thirty years. The collected items stand out for their historical and artistic value, especially jewelry, old handwritten and printed books, items carved in wood, horn and mother-of-pearl, wood-carved and painted icons, and more.<\/p>\n<p style=\"text-align: left;\">The historical range of art objects found in the Museum\u2019s collections is extensive. The oldest date back to the 4<sup>th<\/sup> century BCE and belong to the numismatic collection (ancient Greek money) in the Department of Metals and Jewelry, while the collections in the Department of Contemporary Applied Art contain the most modern art production. As a whole, the Museum\u2019s collections trace the development of applied art over a span of nearly 2,500 years. The Museum contains some 45,000 objects of applied art, among which there are also works of exceptional artistic and cultural importance.<\/p>\n<p style=\"text-align: left;\">MAA collections: <strong>Metal and jewelry; Furniture; Ceramics, glass and porcelain; Textiles and costumes; Architecture and urbanism; Photography, applied graphics and the artistic processing of books; Contemporary applied art and design<\/strong> (graphic, industrial and fashion design). Documentation, wood and textile conservation and the library are an integral part of the Museum\u2019s activities.<\/p>\n<p style=\"text-align: left;\">In addition to the Museum\u2019s basic activities of research, collection and preservation, the Museum attaches increasing importance to working with the public as an inseparable factor of culture.<\/p>\n<p style=\"text-align: left;\"><strong>THE PERMANENT EXHIBITION OF MAA <\/strong>in the Inkiostri Gallery addresses the public with the most representative historical and contemporary art objects from the Museum\u2019s Collections. An integral part of the permanent exhibition is the Art Object of the Month project, which aims to present to the audience an art object from the repository chosen by the curator monthly.<\/p>\n<p style=\"text-align: left;\"><strong>The program and guest exhibitions<\/strong> of inter-museum, inter-institutional and inter-sector cooperation are realized in the gallery spaces of the Main Gallery, the Anastas Gallery and the Mladi Gallery.<\/p>\n<p style=\"text-align: left;\">There is a vibrant <strong>exhibition activity<\/strong> addressing the audience through the traditional salons: the Salon of Architecture, the Salon of Contemporary Applied Art and the Children\u2019s October Salon, as well as the studio exhibitions that traditionally open on the Day of the Museum.<strong>\u00a0<\/strong><\/p>\n<p style=\"text-align: left;\">The <strong>DESIGN MARKET<\/strong> is the museum store, a place to buy tickets and various specimens of design and applied art.<strong> The CHILDREN\u2019S CORNER <\/strong>is a new area dedicated to children.<\/p>\n<p><strong>INTERNATIONAL PROJECTS<\/strong><\/p>\n<p style=\"text-align: left;\">Presentations of the Republic of Serbia were held at the following international events and festivals:<\/p>\n<ul>\n<li style=\"text-align: left;\">The Venice Architecture Biennale<\/li>\n<li style=\"text-align: left;\">The London Design Biennale<\/li>\n<li style=\"text-align: left;\">The Milan Triennial<\/li>\n<li style=\"text-align: left;\">The Prague Quadrennial of Performance Design and Space<\/li>\n<li style=\"text-align: left;\">The Malta Biennale<\/li>\n<\/ul>\n<p><\/div><h2 id=\"building\" class=\"cm_section_title\">ABOUT THE ARCHITECTURE OF THE EDIFICE<\/h2><div class=\"cm_image\"><div class=\"content magnific_popup_69f700e8c199d\"><a href=\"https:\/\/mpu.rs\/wp-content\/uploads\/2017\/07\/zgrada-mpu-02.jpg\" title=\"Museum of Applied Art\" data-caption=\"Belgrade\"><img decoding=\"async\" src=\"https:\/\/mpu.rs\/wp-content\/uploads\/2017\/07\/zgrada-mpu-02-827x540.jpg\" \/><div class=\"caption\"><p class=\"title\">Museum of Applied Art<\/p><p class=\"desc\">Belgrade<\/p><\/div><\/a><\/div><\/div>    <script>\r\n        jQuery(document).ready(function ($) {\r\n            $('.magnific_popup_69f700e8c199d').magnificPopup({\r\n                delegate: 'a',\r\n                type: 'image',\r\n                tLoading: 'Loading image #%curr%...',\r\n                gallery: {\r\n                    enabled: true,\r\n                    navigateByImgClick: true,\r\n                    preload: [0, 1] \/\/ Will preload 0 - before current, and 1 after the current image\r\n                },\r\n                image: {\r\n                    tError: 'Loading failed',\r\n                    titleSrc: function (item) {\r\n                        var title = '';\r\n                        if (item.el.attr('title')) {\r\n                            title = item.el.attr('title');\r\n                        }\r\n                        if (item.el.attr('data-caption')) {\r\n                            title += ' <small>' + item.el.attr('data-caption') + '<\/small>';\r\n                        }\r\n                        return title;\r\n                    }\r\n                }\r\n            });\r\n        });\r\n    <\/script>\r\n    <div class=\"cm_text\"><\/p>\n<p style=\"text-align: left;\">The architectural edifice known as the \u010celebonovi\u0107 Palace, which has housed the Museum of Applied Art since its foundation, is located at an important point in Belgrade, on Topli\u010din venac, at 18 Vuka Karad\u017ei\u0107a Street. The museum building is one of the most representative examples of Belgrade architecture in the 20s of the 20th century. It was built between 1927 and 1929 as a two-story palace in the Beaux-Arts style, with a archetypal entrance and a spacious marble staircase with a wrought iron railing.<\/p>\n<p style=\"text-align: left;\">At the invitation of Dr. Jakov \u010celebonovi\u0107, then a renowned Belgrade lawyer, the well-known architects of the time were engaged for the project. It was designed by Stevan Beli\u0107, the facade is by Nikola Krasnov, while the Dutch architect Neregar was in charge of the interior design. It was originally intended for rental. The building has housed the Embassy of Spain, law offices, as well as prestigious fashion salons. Although various adaptations were made over time, it preserved the spirit of the time in which it was built. Since 1950 and the establishment of the Museum of Applied Art, its only purpose remains a museological one. The building is under the protection of the Institute for the Protection of Monuments of the City of Belgrade.<\/p>\n<p style=\"text-align: left;\"><strong>\u00a0<\/strong><\/p>\n<p><\/div><h2 id=\"awards\" class=\"cm_section_title\">MAA AWARDS<\/h2><div class=\"cm_text\"><\/p>\n<p style=\"text-align: left;\"><strong>Awards received by the Museum of Applied Art:<\/strong><\/p>\n<ul style=\"text-align: left;\">\n<li>THE PQ23 AWARD (the Prague Quadrennial) for activating the community, <em>Moonshine piano<\/em>, National Selection, co-realized by MAA and SCEN, 2023<\/li>\n<li>THE PQ23 AWARD (the Prague Quadrennial) for the most imaginative concept, <em>Reverie<\/em>, Student Selection, co-realized by MAA and SCEN, 2023<\/li>\n<li>NK ICOM SERBIA, the <em>Museum Expert of the Year<\/em> Award, Biljana Crvenkovi\u0107, senior MAA curator, 2023<\/li>\n<li>The <em>PAVLE VASI\u0106<\/em> AWARD for the catalog of the exhibition <em>On the glass road: glass art and representation in Serbia<\/em> <em>1850\u20131950<\/em>, issued by MAA, author: Biljana Crvenkovi\u0107, senior MAA curator, 2023<\/li>\n<li>The <em>PAVLE VASI\u0106<\/em> AWARD for the catalog of the exhibition <em>\u041cA\u0160I\u0106<\/em>, issued by MAA, authors: Slobodan Jovanovi\u0107, senior MAA curator; Miroslav Mu\u0161i\u0107; Jerko Denegri, PhD; Borut Vild, 2019<\/li>\n<li>RECOGNITION OF THE SOCIETY OF ART HISTORIANS OF SERBIA (DIUS) for the best exhibition of contemporary fine art \u2013 the <em>MA\u0160I\u0106 <\/em>exhibition, Slobodan Jovanovi\u0107, senior MAA curator, organized by MAA, 2019<\/li>\n<li>ICOM SERBIA AWARD FOR THE ESTABLISHMENT OF THE YEAR, \u041cAA, 2016<\/li>\n<li>GOLD MEDAL for initiating a dialogue with the curator of the Prague Quadrennial National installation for the work <em>Power(less) \u2013 response(ibility)<\/em> and the curatorial team of the student selection for the work <em>Process<\/em>, <em>or what is really important to me<\/em>, as well as all the participants in both installations, 2015<\/li>\n<li>LARGE PLAQUE OF THE UNIVERSITY OF ARTS with a charter to the MAA, 2012<\/li>\n<li>AWARD &#8211; <em>The best librarian in a special library<\/em>, Andrijana Risti\u0107, senior librarian MAA, 2012<\/li>\n<li>MDS <em>MIHAILO VALTROVI\u0106<\/em> ANNUAL AWARD in the category <em>Museum of the Year Award<\/em>, MAA, 2011<\/li>\n<li>ANNUAL AWARD OF NK ICOM SERBIA in the <em>Publication of the Year<\/em> category, for the scientific study <em>Applied Art and Belgrade<\/em> <em>1918-1941<\/em>, Bojana Popovi\u0107, MA, MAA Advisor, 2011<\/li>\n<li>ICOM AWARDS in the <em>Project of the Year<\/em> category, MAA, <em>Autobiographics <\/em>exhibition and the <em>Curator of the Year<\/em> category, curator Du\u0161an \u041cilovanovi\u0107, MAA advisor, 2008-09<\/li>\n<li>ICOM AWARD FOR PROJECT OF THE YEAR for the Serbian part of the <em>Adriatic Ceramics System<\/em> international project, MAA team, 2008<\/li>\n<li>ICOM AWARD FOR MUSEUM OF THE YEAR, MAA, 2005\/06<\/li>\n<\/ul>\n<p style=\"text-align: left;\"><strong>Prizes awarded by the Museum of Applied Art:<\/strong><\/p>\n<ul>\n<li style=\"text-align: left;\">MAA SALON OF ARCHITECTURE: <em>GRAND PRIX<\/em>, awards and commendations by category, Audience Award and Council Recognition<\/li>\n<li style=\"text-align: left;\">CHILDREN\u2019S OCTOBER SALON: Prize for the teacher and for the participating children<\/li>\n<li style=\"text-align: left;\">PURCHASE AWARD OF THE MAY ULUPUDS EXHIBITION<\/li>\n<\/ul>\n<p><\/div><h2 id=\"organizational-structure\" class=\"cm_section_title\">MANAGEMENT<\/h2><div class=\"cm_text\"><\/p>\n<p style=\"text-align: left;\">DIRECTOR: <strong>Biljana Joti\u0107 <\/strong>(MA), art historian, curator;<\/p>\n<p style=\"text-align: left;\">BOARD OF DIRECTORS: <strong>Igor Todorovi\u0107<\/strong>,\u00a0designer, president; <strong>Stevan Martinovi\u0107<\/strong>, PhD, art historian, member; <strong>\u0408elena Zori\u0107<\/strong>, potter, member; <strong>Sne\u017eana Ro\u017enov<\/strong>, executive director of DDOR Novi Sad, member and <strong>Bojana Popovi\u0107 <\/strong>(MA), MAA advisor, member;<\/p>\n<p style=\"text-align: left;\"><a href=\"mailto:upravniodbor@mpu.rs\">upravniodbor@mpu.rs<\/a><\/p>\n<p style=\"text-align: left;\">SUPERVISOR COMMITTEE<strong>: Dragan Savi\u0107<\/strong>, acting president; <strong>\u041carija Luki\u0107<\/strong>, jurist, member; <strong>\u0408elena Pera\u0107<\/strong>, MAA advisor, member.<\/p>\n<p style=\"text-align: left;\"><a href=\"mailto:nadzorniodbor@mpu.rs\">nadzorniodbor@mpu.rs<\/a><\/p>\n<p><\/div><h2 id=\"team\" class=\"cm_section_title\">CONTACT<\/h2><div class=\"cm_text\"><\/p>\n<p style=\"text-align: left;\">Telephone numbers: +381 11 2626 841, +381 11 2626 494, +381 11 2628 655, +381 11 2631 572, +381 11 2626 461<\/p>\n<p>INFO: <a href=\"mailto:info@mpu.rs\">info@mpu.rs<\/a><\/p>\n<p style=\"text-align: left;\">PR: <a href=\"mailto:pr@mpu.rs\">pr@mpu.rs<\/a><\/p>\n<p style=\"text-align: left;\">Secretariat: <a href=\"mailto:sekretar@mpu.rs\">sekretar@mpu.rs<\/a><\/p>\n<p style=\"text-align: left;\">Finance department: <a href=\"mailto:finansije@mpu.rs\">finansije@mpu.rs<\/a>; \u00a0<a href=\"mailto:racunovodstvo@mpu.rs\">racunovodstvo@mpu.rs<\/a><\/p>\n<p style=\"text-align: left;\">Design Market: <a href=\"mailto:marketmpu@mpu.rs\">marketmpu@mpu.rs<\/a><\/p>\n<p>Coordination: <a href=\"mailto:koordinator@mpu.rs\">koordinator@mpu.rs<\/a><\/p>\n<p style=\"text-align: left;\">Library: <a href=\"mailto:biblioteka@mpu.rs\">biblioteka@mpu.rs<\/a><\/p>\n<p style=\"text-align: left;\">Children\u2019s Corner: <a href=\"mailto:decji.kutak@mpu.rs\">decji.kutak@mpu.rs<\/a><\/p>\n<p style=\"text-align: left;\">Procurement: <a href=\"mailto:nabavka.predmeta@mpu.rs\">nabavka.predmeta@mpu.rs<\/a><\/p>\n<p style=\"text-align: left;\">Technical services: \u00a0<a href=\"mailto:tehnicka.sluzba@mpu.rs\">tehnicka.sluzba@mpu.rs<\/a><\/p>\n<p style=\"text-align: left;\">Security:\u00a0<a href=\"mailto:obezbedjenje@mpu.rs\">obezbedjenje@mpu.rs<\/a><\/p>\n<p>Volunteering: <a href=\"mailto:volunteer@mpu.rs\">volunteer@mpu.rs<\/a><\/div><h2 id=\"upravni-odbor\" class=\"cm_section_title\">STAFF<\/h2><div class=\"cm_text\"><\/p>\n<p style=\"text-align: left;\"><strong>Slobodan Jovanovi\u0107<\/strong>, senior curator, Collection of Contemporary Applied Art and Design, Head of the Department of Art Collections,\u00a0<a href=\"mailto:slobodan.jovanovic@mpu.rs\">slobodan.jovanovic@mpu.rs<\/a><strong><br \/>\n<\/strong><\/p>\n<p style=\"text-align: left;\"><strong>\u041cila Gaji\u0107,<\/strong>\u00a0senior curator, Collection of metals and jewelry,\u00a0<a href=\"mailto:mila.gajic@mpu.rs\">mila.gajic@mpu.rs<\/a><strong><br \/>\n<\/strong><\/p>\n<p style=\"text-align: left;\"><strong>\u0410na Samard\u017ei\u0107<\/strong> (MA),\u00a0curator, Collection of furniture,\u00a0<a href=\"mailto:ana.samardzic@mpu.rs\">ana.samardzic@mpu.rs<\/a><strong><br \/>\n<\/strong><\/p>\n<p style=\"text-align: left;\"><strong>\u0408elena Vukadinovi\u0107 <\/strong>(MA), curator, Collection of ceramics, glass and porcelain,\u00a0<a href=\"mailto:jelena.vukadinovic@mpu.rs\">jelena.vukadinovic@mpu.rs<\/a><\/p>\n<p style=\"text-align: left;\"><strong>Draginja Maskareli<\/strong>, musum advisor, Collection of textiles and costumes, <a href=\"mailto:draginja.maskareli@mpu.rs\">draginja.maskareli@mpu.rs<\/a><a href=\"mailto:marija.bujic@mpu.rs\"><br \/>\n<\/a><\/p>\n<p style=\"text-align: left;\"><strong>\u0408elena Pera\u0107<\/strong> (MA), musum advisor, Collection of photography, applied graphics and book artwork, <a href=\"mailto:jelena.perac@mpu.rs\">jelena.perac@mpu.rs<\/a><a href=\"mailto:biljana.crvenkovic@mpu.rs\"><br \/>\n<\/a><\/p>\n<p style=\"text-align: left;\"><strong>Bojana Popovi\u0107<\/strong> (MA), musum advisor, Collection of contemporary applied art and design, <a href=\"mailto:bojana.popovic@mpu.rs\">bojana.popovic@mpu.rs<br \/>\n<\/a><\/p>\n<p style=\"text-align: left;\"><strong>\u0408elena Popovi\u0107<\/strong>, senior curator, Collection of contemporary applied art and design,\u00a0<a href=\"mailto:jelena.popovic@mpu.rs\">jelena.popovic@mpu.rs<\/a><\/p>\n<p style=\"text-align: left;\"><strong>Slobodan Jovi\u0107 <\/strong>(PhD), architect, Collection of architecture, urban planning and architectural design,\u00a0<a href=\"mailto:slobodan.jovic@mpu.rs\">slobodan.jovic@mpu.rs<\/a><\/p>\n<p style=\"text-align: left;\"><strong>\u041cilica Cuki\u0107 <\/strong>(MA), musum advisor, Permanent exhibition, <a href=\"mailto:milica.cukic@mpu.rs\">milica.cukic@mpu.rs<\/a><\/p>\n<p style=\"text-align: left;\"><strong>Milan Andri\u0107<\/strong>, senior wood conservator, Head of the Department of Specialized Affairs,\u00a0<a href=\"mailto:milan.andric@mpu.rs\">milan.andric@mpu.rs<\/a><strong><br \/>\n<\/strong><\/p>\n<p style=\"text-align: left;\"><strong>Bojana Vola\u0161, <\/strong>MA,\u00a0conservator of textiles,\u00a0<a href=\"mailto:bojana.volas@mpu.rs\">bojana.volas@mpu.rs<\/a><strong><br \/>\n<\/strong><\/p>\n<p style=\"text-align: left;\"><strong>Ana \u0160\u0107epanovi\u0107,<\/strong> coordinator,\u00a0<a href=\"mailto:ana.scepanovic@mpu.rs\">ana.scepanovic@mpu.rs<\/a><\/p>\n<p style=\"text-align: left;\"><strong>Mioljub Ku\u0161i\u0107, <\/strong>MA, documentation curator,\u00a0<a href=\"mailto:mioljub.kusic@mpu.rs\">mioljub.kusic@mpu.rs<\/a><a href=\"mailto:marijana.petrovic@mpu.rs\"><br \/>\n<\/a><\/p>\n<p style=\"text-align: left;\"><strong>Ivana Milinkovi\u0107,<\/strong> documentation curator,\u00a0<a href=\"mailto:ivana.milinkovic@mpu.rs\">ivana.milinkovic@mpu.rs<\/a><strong><br \/>\n<\/strong><\/p>\n<p style=\"text-align: left;\"><strong>\u041carina Raki\u0107<\/strong>, MA, art historian and librarian, <a href=\"mailto:marina.rakic@mpu.rs\">marina.rakic@mpu.rs<\/a><strong><br \/>\n<\/strong><\/p>\n<p style=\"text-align: left;\"><strong>Lea Zei<\/strong>, educator, art pedagogue and senior guide, <a href=\"mailto:lea.zei@mpu.rs\">lea.zei@mpu.rs<\/a><strong><br \/>\n<\/strong><\/p>\n<p style=\"text-align: left;\"><strong>Dejana Cvetkovi\u0107<\/strong>, designer,\u00a0<a href=\"mailto:dejana.cvetkovic@mpu.rs\">dejana.cvetkovic@mpu.rs<\/a><\/p>\n<p style=\"text-align: left;\"><strong>Dejan Nikoli\u0107<\/strong>, IT,\u00a0<a href=\"mailto:dejan.nikolic@mpu.rs\">dejan.nikolic@mpu.rs<\/a><\/p>\n<p><\/div>[\/vc_column][\/vc_row]<\/p>\n<\/div>","protected":false},"excerpt":{"rendered":"<p>[vc_row][vc_column][\/vc_column][\/vc_row]<\/p>\n","protected":false},"author":1,"featured_media":0,"parent":0,"menu_order":0,"comment_status":"closed","ping_status":"closed","template":"","meta":{"footnotes":""},"acf":[],"yoast_head":"<!-- This site is optimized with the Yoast SEO plugin v21.8 - https:\/\/yoast.com\/wordpress\/plugins\/seo\/ -->\n<title>ABOUT MUSEUM - \u041c\u0443\u0437\u0435\u0458 \u043f\u0440\u0438\u043c\u0435\u045a\u0435\u043d\u0435 \u0443\u043c\u0435\u0442\u043d\u043e\u0441\u0442\u0438 \u0411\u0435\u043e\u0433\u0440\u0430\u0434<\/title>\n<meta name=\"robots\" content=\"index, follow, max-snippet:-1, max-image-preview:large, max-video-preview:-1\" \/>\n<link rel=\"canonical\" href=\"https:\/\/mpu.rs\/en\/about-museum\/\" \/>\n<meta property=\"og:locale\" content=\"en_US\" \/>\n<meta property=\"og:type\" content=\"article\" \/>\n<meta property=\"og:title\" content=\"ABOUT MUSEUM - \u041c\u0443\u0437\u0435\u0458 \u043f\u0440\u0438\u043c\u0435\u045a\u0435\u043d\u0435 \u0443\u043c\u0435\u0442\u043d\u043e\u0441\u0442\u0438 \u0411\u0435\u043e\u0433\u0440\u0430\u0434\" \/>\n<meta property=\"og:description\" content=\"[vc_row][vc_column][\/vc_column][\/vc_row]\" \/>\n<meta property=\"og:url\" content=\"https:\/\/mpu.rs\/en\/about-museum\/\" \/>\n<meta property=\"og:site_name\" content=\"\u041c\u0443\u0437\u0435\u0458 \u043f\u0440\u0438\u043c\u0435\u045a\u0435\u043d\u0435 \u0443\u043c\u0435\u0442\u043d\u043e\u0441\u0442\u0438 \u0411\u0435\u043e\u0433\u0440\u0430\u0434\" \/>\n<meta property=\"article:modified_time\" content=\"2024-05-24T09:04:32+00:00\" \/>\n<meta name=\"twitter:card\" content=\"summary_large_image\" \/>\n<meta name=\"twitter:label1\" content=\"Est. reading time\" \/>\n\t<meta name=\"twitter:data1\" content=\"7 minutes\" \/>\n<script type=\"application\/ld+json\" class=\"yoast-schema-graph\">{\"@context\":\"https:\/\/schema.org\",\"@graph\":[{\"@type\":\"WebPage\",\"@id\":\"https:\/\/mpu.rs\/en\/about-museum\/\",\"url\":\"https:\/\/mpu.rs\/en\/about-museum\/\",\"name\":\"ABOUT MUSEUM - \u041c\u0443\u0437\u0435\u0458 \u043f\u0440\u0438\u043c\u0435\u045a\u0435\u043d\u0435 \u0443\u043c\u0435\u0442\u043d\u043e\u0441\u0442\u0438 \u0411\u0435\u043e\u0433\u0440\u0430\u0434\",\"isPartOf\":{\"@id\":\"https:\/\/mpu.rs\/#website\"},\"datePublished\":\"2017-02-13T21:41:08+00:00\",\"dateModified\":\"2024-05-24T09:04:32+00:00\",\"breadcrumb\":{\"@id\":\"https:\/\/mpu.rs\/en\/about-museum\/#breadcrumb\"},\"inLanguage\":\"en-US\",\"potentialAction\":[{\"@type\":\"ReadAction\",\"target\":[\"https:\/\/mpu.rs\/en\/about-museum\/\"]}]},{\"@type\":\"BreadcrumbList\",\"@id\":\"https:\/\/mpu.rs\/en\/about-museum\/#breadcrumb\",\"itemListElement\":[{\"@type\":\"ListItem\",\"position\":1,\"name\":\"Home\",\"item\":\"https:\/\/mpu.rs\/en\/\"},{\"@type\":\"ListItem\",\"position\":2,\"name\":\"ABOUT MUSEUM\"}]},{\"@type\":\"WebSite\",\"@id\":\"https:\/\/mpu.rs\/#website\",\"url\":\"https:\/\/mpu.rs\/\",\"name\":\"\u041c\u0443\u0437\u0435\u0458 \u043f\u0440\u0438\u043c\u0435\u045a\u0435\u043d\u0435 \u0443\u043c\u0435\u0442\u043d\u043e\u0441\u0442\u0438 \u0411\u0435\u043e\u0433\u0440\u0430\u0434\",\"description\":\"\u0423\u043c\u0435\u0442\u043d\u0438\u0447\u043a\u0438 \u043c\u0443\u0437\u0435\u0458 \u0441\u043f\u0435\u0446\u0438\u0458\u0430\u043b\u0438\u0437\u043e\u0432\u0430\u043d\u043e\u0433 \u0442\u0438\u043f\u0430. \u041e\u0441\u043d\u043e\u0432\u043d\u0430 \u0434\u0435\u043b\u0430\u0442\u043d\u043e\u0441\u0442 \u043c\u0443\u0437\u0435\u0458\u0430 \u0458\u0435 \u0434\u0430 \u0441\u0438\u0441\u0442\u0435\u043c\u0430\u0442\u0441\u043a\u0438 \u043f\u0440\u0438\u043a\u0443\u043f\u0459\u0430, \u0437\u0430\u0448\u0442\u0438\u045b\u0443\u0458\u0435, \u0447\u0443\u0432\u0430, \u043f\u0440\u043e\u0443\u0447\u0430\u0432\u0430, \u0438\u0437\u043b\u0430\u0436\u0435 \u0438 \u043f\u0443\u0431\u043b\u0438\u043a\u0443\u0458\u0435 \u043f\u0440\u0435\u0434\u043c\u0435\u0442\u0435 \u043f\u0440\u0438\u043c\u0435\u045a\u0435\u043d\u0435\",\"potentialAction\":[{\"@type\":\"SearchAction\",\"target\":{\"@type\":\"EntryPoint\",\"urlTemplate\":\"https:\/\/mpu.rs\/?s={search_term_string}\"},\"query-input\":\"required name=search_term_string\"}],\"inLanguage\":\"en-US\"}]}<\/script>\n<!-- \/ Yoast SEO plugin. -->","yoast_head_json":{"title":"ABOUT MUSEUM - \u041c\u0443\u0437\u0435\u0458 \u043f\u0440\u0438\u043c\u0435\u045a\u0435\u043d\u0435 \u0443\u043c\u0435\u0442\u043d\u043e\u0441\u0442\u0438 \u0411\u0435\u043e\u0433\u0440\u0430\u0434","robots":{"index":"index","follow":"follow","max-snippet":"max-snippet:-1","max-image-preview":"max-image-preview:large","max-video-preview":"max-video-preview:-1"},"canonical":"https:\/\/mpu.rs\/en\/about-museum\/","og_locale":"en_US","og_type":"article","og_title":"ABOUT MUSEUM - \u041c\u0443\u0437\u0435\u0458 \u043f\u0440\u0438\u043c\u0435\u045a\u0435\u043d\u0435 \u0443\u043c\u0435\u0442\u043d\u043e\u0441\u0442\u0438 \u0411\u0435\u043e\u0433\u0440\u0430\u0434","og_description":"[vc_row][vc_column][\/vc_column][\/vc_row]","og_url":"https:\/\/mpu.rs\/en\/about-museum\/","og_site_name":"\u041c\u0443\u0437\u0435\u0458 \u043f\u0440\u0438\u043c\u0435\u045a\u0435\u043d\u0435 \u0443\u043c\u0435\u0442\u043d\u043e\u0441\u0442\u0438 \u0411\u0435\u043e\u0433\u0440\u0430\u0434","article_modified_time":"2024-05-24T09:04:32+00:00","twitter_card":"summary_large_image","twitter_misc":{"Est. reading time":"7 minutes"},"schema":{"@context":"https:\/\/schema.org","@graph":[{"@type":"WebPage","@id":"https:\/\/mpu.rs\/en\/about-museum\/","url":"https:\/\/mpu.rs\/en\/about-museum\/","name":"ABOUT MUSEUM - \u041c\u0443\u0437\u0435\u0458 \u043f\u0440\u0438\u043c\u0435\u045a\u0435\u043d\u0435 \u0443\u043c\u0435\u0442\u043d\u043e\u0441\u0442\u0438 \u0411\u0435\u043e\u0433\u0440\u0430\u0434","isPartOf":{"@id":"https:\/\/mpu.rs\/#website"},"datePublished":"2017-02-13T21:41:08+00:00","dateModified":"2024-05-24T09:04:32+00:00","breadcrumb":{"@id":"https:\/\/mpu.rs\/en\/about-museum\/#breadcrumb"},"inLanguage":"en-US","potentialAction":[{"@type":"ReadAction","target":["https:\/\/mpu.rs\/en\/about-museum\/"]}]},{"@type":"BreadcrumbList","@id":"https:\/\/mpu.rs\/en\/about-museum\/#breadcrumb","itemListElement":[{"@type":"ListItem","position":1,"name":"Home","item":"https:\/\/mpu.rs\/en\/"},{"@type":"ListItem","position":2,"name":"ABOUT MUSEUM"}]},{"@type":"WebSite","@id":"https:\/\/mpu.rs\/#website","url":"https:\/\/mpu.rs\/","name":"\u041c\u0443\u0437\u0435\u0458 \u043f\u0440\u0438\u043c\u0435\u045a\u0435\u043d\u0435 \u0443\u043c\u0435\u0442\u043d\u043e\u0441\u0442\u0438 \u0411\u0435\u043e\u0433\u0440\u0430\u0434","description":"\u0423\u043c\u0435\u0442\u043d\u0438\u0447\u043a\u0438 \u043c\u0443\u0437\u0435\u0458 \u0441\u043f\u0435\u0446\u0438\u0458\u0430\u043b\u0438\u0437\u043e\u0432\u0430\u043d\u043e\u0433 \u0442\u0438\u043f\u0430. \u041e\u0441\u043d\u043e\u0432\u043d\u0430 \u0434\u0435\u043b\u0430\u0442\u043d\u043e\u0441\u0442 \u043c\u0443\u0437\u0435\u0458\u0430 \u0458\u0435 \u0434\u0430 \u0441\u0438\u0441\u0442\u0435\u043c\u0430\u0442\u0441\u043a\u0438 \u043f\u0440\u0438\u043a\u0443\u043f\u0459\u0430, \u0437\u0430\u0448\u0442\u0438\u045b\u0443\u0458\u0435, \u0447\u0443\u0432\u0430, \u043f\u0440\u043e\u0443\u0447\u0430\u0432\u0430, \u0438\u0437\u043b\u0430\u0436\u0435 \u0438 \u043f\u0443\u0431\u043b\u0438\u043a\u0443\u0458\u0435 \u043f\u0440\u0435\u0434\u043c\u0435\u0442\u0435 \u043f\u0440\u0438\u043c\u0435\u045a\u0435\u043d\u0435","potentialAction":[{"@type":"SearchAction","target":{"@type":"EntryPoint","urlTemplate":"https:\/\/mpu.rs\/?s={search_term_string}"},"query-input":"required name=search_term_string"}],"inLanguage":"en-US"}]}},"_links":{"self":[{"href":"https:\/\/mpu.rs\/en\/wp-json\/wp\/v2\/pages\/9437"}],"collection":[{"href":"https:\/\/mpu.rs\/en\/wp-json\/wp\/v2\/pages"}],"about":[{"href":"https:\/\/mpu.rs\/en\/wp-json\/wp\/v2\/types\/page"}],"author":[{"embeddable":true,"href":"https:\/\/mpu.rs\/en\/wp-json\/wp\/v2\/users\/1"}],"replies":[{"embeddable":true,"href":"https:\/\/mpu.rs\/en\/wp-json\/wp\/v2\/comments?post=9437"}],"version-history":[{"count":0,"href":"https:\/\/mpu.rs\/en\/wp-json\/wp\/v2\/pages\/9437\/revisions"}],"wp:attachment":[{"href":"https:\/\/mpu.rs\/en\/wp-json\/wp\/v2\/media?parent=9437"}],"curies":[{"name":"wp","href":"https:\/\/api.w.org\/{rel}","templated":true}]}}